{"id":27,"date":"2018-07-12T12:44:09","date_gmt":"2018-07-12T12:44:09","guid":{"rendered":"http:\/\/www.villacella.it\/dimora-storica-milano\/?page_id=27"},"modified":"2024-09-18T10:52:05","modified_gmt":"2024-09-18T10:52:05","slug":"il-museo-dellaria","status":"publish","type":"page","link":"https:\/\/www.villacella.it\/dimora-storica-milano\/il-museo-dellaria\/","title":{"rendered":"IL MUSEO DELL&#8217;ARIA"},"content":{"rendered":"<p><span style=\"font-family: 'trebuchet ms', geneva, sans-serif; font-size: 14pt;\"><img loading=\"lazy\" decoding=\"async\" class=\"aligncenter wp-image-432\" src=\"https:\/\/www.villacella.it\/dimora-storica-milano\/wp-content\/uploads\/2022\/03\/museo-view.jpg\" alt=\"\" width=\"1200\" height=\"474\" srcset=\"https:\/\/www.villacella.it\/dimora-storica-milano\/wp-content\/uploads\/2022\/03\/museo-view.jpg 750w, https:\/\/www.villacella.it\/dimora-storica-milano\/wp-content\/uploads\/2022\/03\/museo-view-300x118.jpg 300w\" sizes=\"auto, (max-width: 1200px) 100vw, 1200px\" \/><\/span><\/p>\n<p><span style=\"font-family: 'trebuchet ms', geneva, sans-serif; font-size: 14pt; color: #000000;\">Un buon motivo in pi\u00f9 per invogliare la vostra clientela ad organizzare un evento presso <a style=\"color: #000000;\" href=\"http:\/\/www.villacella.com\/index.html\">VILLA CELLA<\/a>.<\/span><\/p>\n<p><span style=\"font-family: 'trebuchet ms', geneva, sans-serif; font-size: 14pt; color: #000000;\">In questi giorni si sono conclusi i lavori per l\u2019allestimento del museo permanente <a style=\"color: #000000;\" href=\"http:\/\/www.officineleonardo.com\/storia\/il-protagonista.html\" target=\"_blank\" rel=\"noopener\">Enrico Forlanini<\/a>, uno dei geni del XX Secolo.<\/span><\/p>\n<p><img loading=\"lazy\" decoding=\"async\" class=\"alignright wp-image-434\" src=\"https:\/\/www.villacella.it\/dimora-storica-milano\/wp-content\/uploads\/2022\/03\/via-Novara-San-giusto.jpg\" alt=\"\" width=\"450\" height=\"269\" srcset=\"https:\/\/www.villacella.it\/dimora-storica-milano\/wp-content\/uploads\/2022\/03\/via-Novara-San-giusto.jpg 350w, https:\/\/www.villacella.it\/dimora-storica-milano\/wp-content\/uploads\/2022\/03\/via-Novara-San-giusto-300x179.jpg 300w\" sizes=\"auto, (max-width: 450px) 100vw, 450px\" \/><\/p>\n<p><span style=\"font-family: 'trebuchet ms', geneva, sans-serif; font-size: 14pt; color: #000000;\"><a style=\"color: #000000;\" href=\"http:\/\/www.villacella.com\/index.html\">VILLA CELLA<\/a> rientra in una di quelle strutture che hanno fatto la storia della <a style=\"color: #000000;\" href=\"http:\/\/zonasansiro.aroundmilan.it\/\" target=\"_blank\" rel=\"noopener\">zona ovest (San Siro)<\/a> di Milano nel corso del secolo scorso.<\/span><\/p>\n<p><span style=\"font-family: 'trebuchet ms', geneva, sans-serif; font-size: 14pt; color: #000000;\">I documenti storici e le rare foto degli inizi del 1900 identificano la zona come un ampio territorio a coltivazione agricola ai confini della cerchia dei navigli con pochissimi agglomerati di case e cascine che nella maggior parte sono oggi completamente sparite e solo alcune ancora sopravvivono nel contesto di una citt\u00e0 in continua espansione geografica. A quel tempo esistevano solo due importanti costruzioni: <a style=\"color: #000000;\" href=\"http:\/\/www.officineleonardo.com\/storia\/edificio-l-edificio-voluto-da-enrico-forlanini.html\" target=\"_blank\" rel=\"noopener\">Le Officine Leonardo da Vinci<\/a> e\u00a0<a style=\"color: #000000;\" href=\"http:\/\/www.villacella.com\/index.html\">VILLA CELLA<\/a>.<\/span><\/p>\n<p><span style=\"font-family: 'trebuchet ms', geneva, sans-serif; font-size: 14pt; color: #000000;\"><em><img loading=\"lazy\" decoding=\"async\" class=\"alignnone wp-image-436\" src=\"https:\/\/www.villacella.it\/dimora-storica-milano\/wp-content\/uploads\/2022\/03\/luogo-0005.jpg\" alt=\"\" width=\"1200\" height=\"789\" srcset=\"https:\/\/www.villacella.it\/dimora-storica-milano\/wp-content\/uploads\/2022\/03\/luogo-0005.jpg 798w, https:\/\/www.villacella.it\/dimora-storica-milano\/wp-content\/uploads\/2022\/03\/luogo-0005-300x197.jpg 300w, https:\/\/www.villacella.it\/dimora-storica-milano\/wp-content\/uploads\/2022\/03\/luogo-0005-768x505.jpg 768w\" sizes=\"auto, (max-width: 1200px) 100vw, 1200px\" \/><\/em><\/span><\/p>\n<p><span style=\"font-family: 'trebuchet ms', geneva, sans-serif; font-size: 14pt; color: #000000;\"><em>Fotografia aerea da dirigibile anno 1917<\/em>.<\/span><\/p>\n<p><span style=\"font-family: 'trebuchet ms', geneva, sans-serif; font-size: 14pt; color: #000000;\"><img loading=\"lazy\" decoding=\"async\" class=\"alignright wp-image-430\" src=\"https:\/\/www.villacella.it\/dimora-storica-milano\/wp-content\/uploads\/2022\/03\/edificio-san-giusto.jpg\" alt=\"\" width=\"450\" height=\"313\" srcset=\"https:\/\/www.villacella.it\/dimora-storica-milano\/wp-content\/uploads\/2022\/03\/edificio-san-giusto.jpg 800w, https:\/\/www.villacella.it\/dimora-storica-milano\/wp-content\/uploads\/2022\/03\/edificio-san-giusto-300x209.jpg 300w, https:\/\/www.villacella.it\/dimora-storica-milano\/wp-content\/uploads\/2022\/03\/edificio-san-giusto-768x534.jpg 768w\" sizes=\"auto, (max-width: 450px) 100vw, 450px\" \/>In questo grande territorio nel 1902 sorgeva uno dei primi stabilimenti industriali del XX Secolo costruito dal grande genio della Scienza Moderna Enrico Forlanini. In questo grande complesso su una superficie di circa 11.000 metri quadri venivano realizzati i primi oggetti volanti di grandi dimensioni (dirigibili) alternativi ai piccoli aeroplani derivati dalle prime esperienze dei fratelli Wright. Inoltre, in questo stabilimento, venivano costruiti gli idrotteri \u201cvolanti\u201d, battelli acquatici precursori degli attuali aliscafi.<\/span><\/p>\n<p><span style=\"font-family: 'trebuchet ms', geneva, sans-serif; font-size: 14pt; color: #000000;\">Lo stabilimento era stato costruito in prossimit\u00e0 della piazza d\u2019armi (attuale incrocio tra la via San Giusto e la via Domokos) dove si svolgevano le esercitazioni militari. Piazza d\u2019armi che, proprio in funzione della presenza dei nuovi dirigibili, si era trasformato nel primo campo di aviazione di Milano all\u2019interno del quale era stato costruito un presidio del Regio Esercito Italiano.<\/span><\/p>\n<p><span style=\"font-family: 'trebuchet ms', geneva, sans-serif; font-size: 14pt; color: #000000;\">Le uniche strade di comunicazione tra la grande citt\u00e0 di Milano e le altre del vicino Piemonte erano quelle che attualmente si identificano nella via delle Forze Armate e via Novara.<\/span><\/p>\n<p><span style=\"font-family: 'trebuchet ms', geneva, sans-serif; font-size: 14pt;\"><img loading=\"lazy\" decoding=\"async\" class=\"alignleft wp-image-429\" src=\"https:\/\/www.villacella.it\/dimora-storica-milano\/wp-content\/uploads\/2022\/03\/corrozza.jpg\" alt=\"\" width=\"450\" height=\"389\" srcset=\"https:\/\/www.villacella.it\/dimora-storica-milano\/wp-content\/uploads\/2022\/03\/corrozza.jpg 1476w, https:\/\/www.villacella.it\/dimora-storica-milano\/wp-content\/uploads\/2022\/03\/corrozza-300x259.jpg 300w, https:\/\/www.villacella.it\/dimora-storica-milano\/wp-content\/uploads\/2022\/03\/corrozza-1024x885.jpg 1024w, https:\/\/www.villacella.it\/dimora-storica-milano\/wp-content\/uploads\/2022\/03\/corrozza-768x664.jpg 768w\" sizes=\"auto, (max-width: 450px) 100vw, 450px\" \/><\/span><\/p>\n<p><span style=\"font-family: 'trebuchet ms', geneva, sans-serif; font-size: 14pt; color: #000000;\">Nello stesso periodo in prossimit\u00e0 dello stabilimento Forlanini ed adiacente alla strada che conduceva a Novara era stata costruita una villa gentilizia di campagna (attuale <a style=\"color: #000000;\" href=\"http:\/\/www.villacella.com\/index.html\">VILLA CELLA<\/a>) con affiancata una costruzione dedicata alla scuderia dei cavalli e deposito delle carrozze (a quel tempo le carrozze erano l\u2019unico mezzo privato di comunicazione veloce) e da una costruzione per la raccolta del fieno che comprendeva anche l\u2019 abitazione della servit\u00f9.<\/span><\/p>\n<p><span style=\"font-family: 'trebuchet ms', geneva, sans-serif; font-size: 14pt; color: #000000;\">Questa casa patrizia nel corso degli anni fu dapprima acquistata da una ricca famiglia di origine tedesca e successivamente, al termine della prima guerra mondiale, pass\u00f2 di propriet\u00e0 ad un milanese che gi\u00e0 aveva diversi possedimenti immobiliari in citt\u00e0. Per una serie di vicissitudini familiari ed economiche la costruzione venne poi ceduta al conte Franco Cella di Rivara che, nel periodo compreso tra il 1950 e 1960 ovvero dopo la vendita della sua fabbrica di cosmetici Durban\u2019s e aver costituito una nuova societ\u00e0 di cosmetici chiamata Hanorah, aveva trasformato la Villa in sede operativa e nella parte retrostante aveva costruito dei capannoni utilizzati per la produzione dei cosmetici.<\/span><\/p>\n<p><span style=\"font-family: 'trebuchet ms', geneva, sans-serif; font-size: 14pt; color: #000000;\">Alla fine degli anni 70 il conte Cella decise di trasferire la fabbrica in un nuovo stabilimento pi\u00f9 grande ed adeguato allo sviluppo dell\u2019impresa. Per questo motivo tutta la struttura venne ceduta. I nuovi proprietari decisero di riportare all\u2019originale splendore la Villa che negli anni precedenti non era stata curata e trasformata in deposito di merci. Di fatto sono stati fatti diversi interventi di ristrutturazione portando all\u2019originale splendore tutti i pavimenti in legno di rovere, i soffitti a cassettoni in legno decorati, i soffitti dipinti, le finestre e le porte ad arco con i vetri antichi e i reticoli a piombo, i vecchi caminetti del 1600 . Anche il grande ingresso principale che si affacciava sul fronte verso il giardino \u00e8 stato rivalorizzato unitamente all\u2019ampio cortile con aiuole a prato ed alberi di alto fusto. Il tutto immerso in un\u2019oasi tranquilla e riservata dove ancora si pu\u00f2 godere del cinguettio degli uccelli in contrapposizione agli assordanti rumori della citt\u00e0.<\/span><\/p>\n<p><span style=\"font-family: 'trebuchet ms', geneva, sans-serif; font-size: 14pt;\"><img loading=\"lazy\" decoding=\"async\" class=\"alignnone size-full wp-image-427 aligncenter\" src=\"https:\/\/www.villacella.it\/dimora-storica-milano\/wp-content\/uploads\/2022\/03\/villa-cella-viwe.jpg\" alt=\"\" width=\"1200\" height=\"696\" srcset=\"https:\/\/www.villacella.it\/dimora-storica-milano\/wp-content\/uploads\/2022\/03\/villa-cella-viwe.jpg 1200w, https:\/\/www.villacella.it\/dimora-storica-milano\/wp-content\/uploads\/2022\/03\/villa-cella-viwe-300x174.jpg 300w, https:\/\/www.villacella.it\/dimora-storica-milano\/wp-content\/uploads\/2022\/03\/villa-cella-viwe-1024x594.jpg 1024w, https:\/\/www.villacella.it\/dimora-storica-milano\/wp-content\/uploads\/2022\/03\/villa-cella-viwe-768x445.jpg 768w\" sizes=\"auto, (max-width: 1200px) 100vw, 1200px\" \/><br \/>\n<\/span><\/p>\n<p><span style=\"font-family: 'trebuchet ms', geneva, sans-serif; font-size: 14pt; color: #000000;\">Oggi la villa \u00e8 ritornata a \u201cvivere\u201d mantenendo tutto il fascino delle vecchie case patrizie degli inizi del XX Secolo e con il suo ampio complesso retrostante di circa 2.500 metri quadri permette di svolgere manifestazioni di vario tipo quali: convegni, celebrazioni, meeting, presentazioni di prodotti, etc.<\/span><\/p>\n","protected":false},"excerpt":{"rendered":"<p>Un buon motivo in pi\u00f9 per invogliare la vostra clientela ad organizzare un evento presso VILLA CELLA. In questi giorni si sono conclusi i lavori per l\u2019allestimento del museo permanente Enrico Forlanini, uno dei geni del XX Secolo. VILLA CELLA rientra in una di quelle strutture che hanno fatto la storia della zona ovest (San [&hellip;]<\/p>\n","protected":false},"author":1,"featured_media":160,"parent":0,"menu_order":0,"comment_status":"closed","ping_status":"closed","template":"","meta":{"footnotes":""},"tags":[],"class_list":["post-27","page","type-page","status-publish","has-post-thumbnail","hentry"],"aioseo_notices":[],"_links":{"self":[{"href":"https:\/\/www.villacella.it\/dimora-storica-milano\/wp-json\/wp\/v2\/pages\/27","targetHints":{"allow":["GET"]}}],"collection":[{"href":"https:\/\/www.villacella.it\/dimora-storica-milano\/wp-json\/wp\/v2\/pages"}],"about":[{"href":"https:\/\/www.villacella.it\/dimora-storica-milano\/wp-json\/wp\/v2\/types\/page"}],"author":[{"embeddable":true,"href":"https:\/\/www.villacella.it\/dimora-storica-milano\/wp-json\/wp\/v2\/users\/1"}],"replies":[{"embeddable":true,"href":"https:\/\/www.villacella.it\/dimora-storica-milano\/wp-json\/wp\/v2\/comments?post=27"}],"version-history":[{"count":12,"href":"https:\/\/www.villacella.it\/dimora-storica-milano\/wp-json\/wp\/v2\/pages\/27\/revisions"}],"predecessor-version":[{"id":439,"href":"https:\/\/www.villacella.it\/dimora-storica-milano\/wp-json\/wp\/v2\/pages\/27\/revisions\/439"}],"wp:featuredmedia":[{"embeddable":true,"href":"https:\/\/www.villacella.it\/dimora-storica-milano\/wp-json\/wp\/v2\/media\/160"}],"wp:attachment":[{"href":"https:\/\/www.villacella.it\/dimora-storica-milano\/wp-json\/wp\/v2\/media?parent=27"}],"wp:term":[{"taxonomy":"post_tag","embeddable":true,"href":"https:\/\/www.villacella.it\/dimora-storica-milano\/wp-json\/wp\/v2\/tags?post=27"}],"curies":[{"name":"wp","href":"https:\/\/api.w.org\/{rel}","templated":true}]}}