{"id":1124,"date":"2024-09-20T07:32:04","date_gmt":"2024-09-20T07:32:04","guid":{"rendered":"https:\/\/www.villacella.it\/dimora-storica-milano\/?page_id=1124"},"modified":"2025-05-14T13:07:10","modified_gmt":"2025-05-14T13:07:10","slug":"luigi-sacco","status":"publish","type":"page","link":"https:\/\/www.villacella.it\/dimora-storica-milano\/il-museo-dellaria\/personaggi-della-microbiologia-italiana\/luigi-sacco\/","title":{"rendered":"Luigi Sacco"},"content":{"rendered":"<p><span style=\"font-family: 'trebuchet ms', geneva, sans-serif; color: #000000;\"><a style=\"color: #000000;\" href=\"https:\/\/www.villacella.it\/dimora-storica-milano\/il-museo-dellaria\/personaggi-della-microbiologia-italiana\/\"><img loading=\"lazy\" decoding=\"async\" class=\"size-full wp-image-1133 aligncenter\" src=\"https:\/\/www.villacella.it\/dimora-storica-milano\/wp-content\/uploads\/2024\/09\/PERSONAGGI-DELLA-MICROBIOLOGIA-ITALIANA-02-scaled.jpg\" alt=\"\" width=\"2560\" height=\"215\" srcset=\"https:\/\/www.villacella.it\/dimora-storica-milano\/wp-content\/uploads\/2024\/09\/PERSONAGGI-DELLA-MICROBIOLOGIA-ITALIANA-02-scaled.jpg 2560w, https:\/\/www.villacella.it\/dimora-storica-milano\/wp-content\/uploads\/2024\/09\/PERSONAGGI-DELLA-MICROBIOLOGIA-ITALIANA-02-300x25.jpg 300w, https:\/\/www.villacella.it\/dimora-storica-milano\/wp-content\/uploads\/2024\/09\/PERSONAGGI-DELLA-MICROBIOLOGIA-ITALIANA-02-1024x86.jpg 1024w, https:\/\/www.villacella.it\/dimora-storica-milano\/wp-content\/uploads\/2024\/09\/PERSONAGGI-DELLA-MICROBIOLOGIA-ITALIANA-02-768x64.jpg 768w, https:\/\/www.villacella.it\/dimora-storica-milano\/wp-content\/uploads\/2024\/09\/PERSONAGGI-DELLA-MICROBIOLOGIA-ITALIANA-02-1536x129.jpg 1536w, https:\/\/www.villacella.it\/dimora-storica-milano\/wp-content\/uploads\/2024\/09\/PERSONAGGI-DELLA-MICROBIOLOGIA-ITALIANA-02-1920x161.jpg 1920w\" sizes=\"auto, (max-width: 2560px) 100vw, 2560px\" \/><\/a><\/span><\/p>\n<p><span style=\"font-family: 'trebuchet ms', geneva, sans-serif; color: #000000;\"><img loading=\"lazy\" decoding=\"async\" class=\"alignnone size-full wp-image-1180\" src=\"https:\/\/www.villacella.it\/dimora-storica-milano\/wp-content\/uploads\/2024\/09\/PERSONAGGI-DELLA-MICROBIOLOGIA-ITALIANA-13.jpg\" alt=\"\" width=\"2000\" height=\"1414\" srcset=\"https:\/\/www.villacella.it\/dimora-storica-milano\/wp-content\/uploads\/2024\/09\/PERSONAGGI-DELLA-MICROBIOLOGIA-ITALIANA-13.jpg 2000w, https:\/\/www.villacella.it\/dimora-storica-milano\/wp-content\/uploads\/2024\/09\/PERSONAGGI-DELLA-MICROBIOLOGIA-ITALIANA-13-300x212.jpg 300w, https:\/\/www.villacella.it\/dimora-storica-milano\/wp-content\/uploads\/2024\/09\/PERSONAGGI-DELLA-MICROBIOLOGIA-ITALIANA-13-1024x724.jpg 1024w, https:\/\/www.villacella.it\/dimora-storica-milano\/wp-content\/uploads\/2024\/09\/PERSONAGGI-DELLA-MICROBIOLOGIA-ITALIANA-13-768x543.jpg 768w, https:\/\/www.villacella.it\/dimora-storica-milano\/wp-content\/uploads\/2024\/09\/PERSONAGGI-DELLA-MICROBIOLOGIA-ITALIANA-13-1536x1086.jpg 1536w, https:\/\/www.villacella.it\/dimora-storica-milano\/wp-content\/uploads\/2024\/09\/PERSONAGGI-DELLA-MICROBIOLOGIA-ITALIANA-13-1920x1357.jpg 1920w\" sizes=\"auto, (max-width: 2000px) 100vw, 2000px\" \/><\/span><\/p>\n<h3><span style=\"text-decoration: underline; font-size: 24pt;\"><span style=\"font-family: 'trebuchet ms', geneva, sans-serif; color: #000000;\"><b>Luigi Sacco: il medico che port\u00f2 i vaccini in Italia<\/b><\/span><\/span><\/h3>\n<p class=\"p3\"><span style=\"font-family: 'trebuchet ms', geneva, sans-serif; color: #000000; font-size: 14pt;\">Luigi Sacco \u00e8 stato un medico italiano nato a <span class=\"s2\"><b>Varese nel 1769<\/b><\/span>. Dopo aver studiato medicina all\u2019<span class=\"s2\"><b>Universit\u00e0 di Pavia<\/b><\/span>, si trasfer\u00ec a <span class=\"s2\"><b>Milano<\/b><\/span>, dove inizi\u00f2 a lavorare come medico e ricercatore.<\/span><\/p>\n<p class=\"p3\"><span style=\"font-family: 'trebuchet ms', geneva, sans-serif; color: #000000; font-size: 14pt;\">Alla fine del Settecento, una delle malattie pi\u00f9 pericolose era il <span class=\"s2\"><b>vaiolo<\/b><\/span>, che causava migliaia di morti. Quando Sacco venne a sapere che un medico inglese, <span class=\"s2\"><b>Edward Jenner<\/b><\/span>, aveva scoperto un metodo per prevenire il vaiolo con una <span class=\"s2\"><b>vaccinazione<\/b><\/span>, decise di provarlo anche in Italia.<\/span><\/p>\n<p class=\"p3\"><span style=\"font-family: 'trebuchet ms', geneva, sans-serif; color: #000000; font-size: 14pt;\">Nel <span class=\"s2\"><b>1799<\/b><\/span>, vaccin\u00f2 s\u00e9 stesso e cinque bambini usando materiale prelevato da mucche infette da una forma pi\u00f9 lieve di vaiolo (il \u201cvaiolo bovino\u201d). Funzion\u00f2. Le persone vaccinate <span class=\"s2\"><b>non si ammalarono<\/b><\/span>, e Sacco inizi\u00f2 a promuovere la vaccinazione in tutta la <span class=\"s2\"><b>Lombardia<\/b><\/span>.<\/span><\/p>\n<p class=\"p3\"><span style=\"font-family: 'trebuchet ms', geneva, sans-serif; color: #000000; font-size: 14pt;\">Grazie al suo impegno, in pochi anni vennero vaccinate <span class=\"s2\"><b>oltre un milione e mezzo di persone<\/b><\/span>, salvando moltissime vite. Nel <span class=\"s2\"><b>1803<\/b><\/span> fu nominato <span class=\"s2\"><b>direttore generale della vaccinazione<\/b><\/span> nel Nord Italia.<\/span><\/p>\n<p class=\"p3\"><span style=\"font-family: 'trebuchet ms', geneva, sans-serif; color: #000000; font-size: 14pt;\">Oltre alla medicina, Sacco si interess\u00f2 anche di <span class=\"s2\"><b>agricoltura<\/b><\/span> e <span class=\"s2\"><b>igiene pubblica<\/b><\/span>. Fu tra i primi a promuovere l\u2019uso del <span class=\"s2\"><b>cloro come disinfettante<\/b><\/span>, un\u2019idea molto avanzata per l\u2019epoca.<\/span><\/p>\n<p class=\"p3\"><span style=\"font-family: 'trebuchet ms', geneva, sans-serif; color: #000000; font-size: 14pt;\">Luigi Sacco mor\u00ec a <span class=\"s2\"><b>Milano nel 1836<\/b><\/span>, ma il suo lavoro continua a vivere: a lui \u00e8 intitolato uno dei principali ospedali della citt\u00e0, l\u2019<span class=\"s2\"><b>Ospedale Luigi Sacco<\/b><\/span>. \u00c8 ricordato come uno dei <span class=\"s2\"><b>padri della sanit\u00e0 pubblica in Italia<\/b><\/span>.<\/span><\/p>\n<p><span style=\"font-family: 'trebuchet ms', geneva, sans-serif; color: #000000;\"><img loading=\"lazy\" decoding=\"async\" class=\"alignnone size-full wp-image-404\" src=\"https:\/\/www.villacella.it\/dimora-storica-milano\/wp-content\/uploads\/2020\/06\/VIVA_ITALIA_2020_CAMPAGNA_03_01_01-scaled.jpg\" alt=\"\" width=\"2560\" height=\"619\" srcset=\"https:\/\/www.villacella.it\/dimora-storica-milano\/wp-content\/uploads\/2020\/06\/VIVA_ITALIA_2020_CAMPAGNA_03_01_01-scaled.jpg 2560w, https:\/\/www.villacella.it\/dimora-storica-milano\/wp-content\/uploads\/2020\/06\/VIVA_ITALIA_2020_CAMPAGNA_03_01_01-300x73.jpg 300w, https:\/\/www.villacella.it\/dimora-storica-milano\/wp-content\/uploads\/2020\/06\/VIVA_ITALIA_2020_CAMPAGNA_03_01_01-1024x248.jpg 1024w, https:\/\/www.villacella.it\/dimora-storica-milano\/wp-content\/uploads\/2020\/06\/VIVA_ITALIA_2020_CAMPAGNA_03_01_01-768x186.jpg 768w, https:\/\/www.villacella.it\/dimora-storica-milano\/wp-content\/uploads\/2020\/06\/VIVA_ITALIA_2020_CAMPAGNA_03_01_01-1536x372.jpg 1536w, https:\/\/www.villacella.it\/dimora-storica-milano\/wp-content\/uploads\/2020\/06\/VIVA_ITALIA_2020_CAMPAGNA_03_01_01-1920x464.jpg 1920w\" sizes=\"auto, (max-width: 2560px) 100vw, 2560px\" \/><\/span><\/p>\n","protected":false},"excerpt":{"rendered":"<p>Luigi Sacco: il medico che port\u00f2 i vaccini in Italia Luigi Sacco \u00e8 stato un medico italiano nato a Varese nel 1769. Dopo aver studiato medicina all\u2019Universit\u00e0 di Pavia, si trasfer\u00ec a Milano, dove inizi\u00f2 a lavorare come medico e ricercatore. Alla fine del Settecento, una delle malattie pi\u00f9 pericolose era il vaiolo, che causava [&hellip;]<\/p>\n","protected":false},"author":1,"featured_media":160,"parent":1097,"menu_order":11,"comment_status":"closed","ping_status":"closed","template":"","meta":{"footnotes":""},"tags":[],"class_list":["post-1124","page","type-page","status-publish","has-post-thumbnail","hentry"],"aioseo_notices":[],"_links":{"self":[{"href":"https:\/\/www.villacella.it\/dimora-storica-milano\/wp-json\/wp\/v2\/pages\/1124","targetHints":{"allow":["GET"]}}],"collection":[{"href":"https:\/\/www.villacella.it\/dimora-storica-milano\/wp-json\/wp\/v2\/pages"}],"about":[{"href":"https:\/\/www.villacella.it\/dimora-storica-milano\/wp-json\/wp\/v2\/types\/page"}],"author":[{"embeddable":true,"href":"https:\/\/www.villacella.it\/dimora-storica-milano\/wp-json\/wp\/v2\/users\/1"}],"replies":[{"embeddable":true,"href":"https:\/\/www.villacella.it\/dimora-storica-milano\/wp-json\/wp\/v2\/comments?post=1124"}],"version-history":[{"count":5,"href":"https:\/\/www.villacella.it\/dimora-storica-milano\/wp-json\/wp\/v2\/pages\/1124\/revisions"}],"predecessor-version":[{"id":1295,"href":"https:\/\/www.villacella.it\/dimora-storica-milano\/wp-json\/wp\/v2\/pages\/1124\/revisions\/1295"}],"up":[{"embeddable":true,"href":"https:\/\/www.villacella.it\/dimora-storica-milano\/wp-json\/wp\/v2\/pages\/1097"}],"wp:featuredmedia":[{"embeddable":true,"href":"https:\/\/www.villacella.it\/dimora-storica-milano\/wp-json\/wp\/v2\/media\/160"}],"wp:attachment":[{"href":"https:\/\/www.villacella.it\/dimora-storica-milano\/wp-json\/wp\/v2\/media?parent=1124"}],"wp:term":[{"taxonomy":"post_tag","embeddable":true,"href":"https:\/\/www.villacella.it\/dimora-storica-milano\/wp-json\/wp\/v2\/tags?post=1124"}],"curies":[{"name":"wp","href":"https:\/\/api.w.org\/{rel}","templated":true}]}}