{"id":1115,"date":"2024-09-19T15:53:37","date_gmt":"2024-09-19T15:53:37","guid":{"rendered":"https:\/\/www.villacella.it\/dimora-storica-milano\/?page_id=1115"},"modified":"2025-05-14T14:28:29","modified_gmt":"2025-05-14T14:28:29","slug":"giuseppe-sanarelli","status":"publish","type":"page","link":"https:\/\/www.villacella.it\/dimora-storica-milano\/il-museo-dellaria\/personaggi-della-microbiologia-italiana\/giuseppe-sanarelli\/","title":{"rendered":"Giuseppe Sanarelli"},"content":{"rendered":"<p><span style=\"font-family: 'trebuchet ms', geneva, sans-serif; color: #000000;\"><a style=\"color: #000000;\" href=\"https:\/\/www.villacella.it\/dimora-storica-milano\/il-museo-dellaria\/personaggi-della-microbiologia-italiana\/\"><img loading=\"lazy\" decoding=\"async\" class=\"size-full wp-image-1133 aligncenter\" src=\"https:\/\/www.villacella.it\/dimora-storica-milano\/wp-content\/uploads\/2024\/09\/PERSONAGGI-DELLA-MICROBIOLOGIA-ITALIANA-02-scaled.jpg\" alt=\"\" width=\"2560\" height=\"215\" srcset=\"https:\/\/www.villacella.it\/dimora-storica-milano\/wp-content\/uploads\/2024\/09\/PERSONAGGI-DELLA-MICROBIOLOGIA-ITALIANA-02-scaled.jpg 2560w, https:\/\/www.villacella.it\/dimora-storica-milano\/wp-content\/uploads\/2024\/09\/PERSONAGGI-DELLA-MICROBIOLOGIA-ITALIANA-02-300x25.jpg 300w, https:\/\/www.villacella.it\/dimora-storica-milano\/wp-content\/uploads\/2024\/09\/PERSONAGGI-DELLA-MICROBIOLOGIA-ITALIANA-02-1024x86.jpg 1024w, https:\/\/www.villacella.it\/dimora-storica-milano\/wp-content\/uploads\/2024\/09\/PERSONAGGI-DELLA-MICROBIOLOGIA-ITALIANA-02-768x64.jpg 768w, https:\/\/www.villacella.it\/dimora-storica-milano\/wp-content\/uploads\/2024\/09\/PERSONAGGI-DELLA-MICROBIOLOGIA-ITALIANA-02-1536x129.jpg 1536w, https:\/\/www.villacella.it\/dimora-storica-milano\/wp-content\/uploads\/2024\/09\/PERSONAGGI-DELLA-MICROBIOLOGIA-ITALIANA-02-1920x161.jpg 1920w\" sizes=\"auto, (max-width: 2560px) 100vw, 2560px\" \/><\/a><\/span><\/p>\n<p><span style=\"font-family: 'trebuchet ms', geneva, sans-serif; color: #000000;\"><img loading=\"lazy\" decoding=\"async\" class=\"alignnone size-full wp-image-1169\" src=\"https:\/\/www.villacella.it\/dimora-storica-milano\/wp-content\/uploads\/2024\/09\/PERSONAGGI-DELLA-MICROBIOLOGIA-ITALIANA-09.jpg\" alt=\"\" width=\"2000\" height=\"1414\" srcset=\"https:\/\/www.villacella.it\/dimora-storica-milano\/wp-content\/uploads\/2024\/09\/PERSONAGGI-DELLA-MICROBIOLOGIA-ITALIANA-09.jpg 2000w, https:\/\/www.villacella.it\/dimora-storica-milano\/wp-content\/uploads\/2024\/09\/PERSONAGGI-DELLA-MICROBIOLOGIA-ITALIANA-09-300x212.jpg 300w, https:\/\/www.villacella.it\/dimora-storica-milano\/wp-content\/uploads\/2024\/09\/PERSONAGGI-DELLA-MICROBIOLOGIA-ITALIANA-09-1024x724.jpg 1024w, https:\/\/www.villacella.it\/dimora-storica-milano\/wp-content\/uploads\/2024\/09\/PERSONAGGI-DELLA-MICROBIOLOGIA-ITALIANA-09-768x543.jpg 768w, https:\/\/www.villacella.it\/dimora-storica-milano\/wp-content\/uploads\/2024\/09\/PERSONAGGI-DELLA-MICROBIOLOGIA-ITALIANA-09-1536x1086.jpg 1536w, https:\/\/www.villacella.it\/dimora-storica-milano\/wp-content\/uploads\/2024\/09\/PERSONAGGI-DELLA-MICROBIOLOGIA-ITALIANA-09-1920x1357.jpg 1920w\" sizes=\"auto, (max-width: 2000px) 100vw, 2000px\" \/><\/span><\/p>\n<h3><span style=\"text-decoration: underline; font-size: 24pt;\"><span style=\"font-family: 'trebuchet ms', geneva, sans-serif; color: #000000;\"><b>Giuseppe Sanarelli: il medico che studi\u00f2 la febbre gialla<\/b><\/span><\/span><\/h3>\n<p class=\"p3\"><span style=\"font-family: 'trebuchet ms', geneva, sans-serif; color: #000000; font-size: 14pt;\">Giuseppe Sanarelli \u00e8 stato un medico e scienziato italiano, nato nel <span class=\"s2\"><b>1864<\/b><\/span> in Toscana. Si laure\u00f2 in medicina all\u2019Universit\u00e0 di Siena e poi si specializz\u00f2 nello studio delle <span class=\"s2\"><b>malattie infettive<\/b><\/span>, lavorando in importanti laboratori in Italia e in Francia, tra cui quello dell\u2019Istituto Pasteur di Parigi.<\/span><\/p>\n<p class=\"p3\"><span style=\"font-family: 'trebuchet ms', geneva, sans-serif; color: #000000; font-size: 14pt;\">Sanarelli divenne famoso per i suoi studi sulla <span class=\"s2\"><b>febbre gialla<\/b><\/span>, una grave malattia virale trasmessa dalle zanzare. Alla fine dell\u2019Ottocento si trasfer\u00ec in <span class=\"s2\"><b>Uruguay<\/b><\/span>, dove continu\u00f2 le sue ricerche e contribu\u00ec allo sviluppo della sanit\u00e0 pubblica.<\/span><\/p>\n<p class=\"p3\"><span style=\"font-family: 'trebuchet ms', geneva, sans-serif; color: #000000; font-size: 14pt;\">Nel 1897 annunci\u00f2 di aver scoperto il batterio che causava la febbre gialla. Anche se in seguito si scopr\u00ec che si trattava di un errore (la malattia \u00e8 in realt\u00e0 causata da un virus), le sue ricerche stimolarono molti altri studi e aiutarono a migliorare le tecniche di laboratorio e la comprensione delle infezioni.<\/span><\/p>\n<p class=\"p3\"><span style=\"font-family: 'trebuchet ms', geneva, sans-serif; color: #000000; font-size: 14pt;\">Sanarelli fu anche una figura controversa: per i suoi esperimenti sulla febbre gialla, inocul\u00f2 il batterio a pazienti senza il loro pieno consenso, cosa che oggi sarebbe considerata <span class=\"s2\"><b>eticamente inaccettabile<\/b><\/span>.<\/span><\/p>\n<p class=\"p3\"><span style=\"font-family: 'trebuchet ms', geneva, sans-serif; color: #000000; font-size: 14pt;\">Tornato in Italia, insegn\u00f2 igiene e medicina sperimentale e fu senatore del Regno. Mor\u00ec nel <span class=\"s2\"><b>1940<\/b><\/span>, lasciando un\u2019eredit\u00e0 complessa, fatta di importanti contributi scientifici ma anche di scelte discusse.<\/span><\/p>\n<p><span style=\"font-family: 'trebuchet ms', geneva, sans-serif; color: #000000;\"><img loading=\"lazy\" decoding=\"async\" class=\"alignnone size-full wp-image-404\" src=\"https:\/\/www.villacella.it\/dimora-storica-milano\/wp-content\/uploads\/2020\/06\/VIVA_ITALIA_2020_CAMPAGNA_03_01_01-scaled.jpg\" alt=\"\" width=\"2560\" height=\"619\" srcset=\"https:\/\/www.villacella.it\/dimora-storica-milano\/wp-content\/uploads\/2020\/06\/VIVA_ITALIA_2020_CAMPAGNA_03_01_01-scaled.jpg 2560w, https:\/\/www.villacella.it\/dimora-storica-milano\/wp-content\/uploads\/2020\/06\/VIVA_ITALIA_2020_CAMPAGNA_03_01_01-300x73.jpg 300w, https:\/\/www.villacella.it\/dimora-storica-milano\/wp-content\/uploads\/2020\/06\/VIVA_ITALIA_2020_CAMPAGNA_03_01_01-1024x248.jpg 1024w, https:\/\/www.villacella.it\/dimora-storica-milano\/wp-content\/uploads\/2020\/06\/VIVA_ITALIA_2020_CAMPAGNA_03_01_01-768x186.jpg 768w, https:\/\/www.villacella.it\/dimora-storica-milano\/wp-content\/uploads\/2020\/06\/VIVA_ITALIA_2020_CAMPAGNA_03_01_01-1536x372.jpg 1536w, https:\/\/www.villacella.it\/dimora-storica-milano\/wp-content\/uploads\/2020\/06\/VIVA_ITALIA_2020_CAMPAGNA_03_01_01-1920x464.jpg 1920w\" sizes=\"auto, (max-width: 2560px) 100vw, 2560px\" \/><\/span><\/p>\n","protected":false},"excerpt":{"rendered":"<p>Giuseppe Sanarelli: il medico che studi\u00f2 la febbre gialla Giuseppe Sanarelli \u00e8 stato un medico e scienziato italiano, nato nel 1864 in Toscana. Si laure\u00f2 in medicina all\u2019Universit\u00e0 di Siena e poi si specializz\u00f2 nello studio delle malattie infettive, lavorando in importanti laboratori in Italia e in Francia, tra cui quello dell\u2019Istituto Pasteur di Parigi. [&hellip;]<\/p>\n","protected":false},"author":1,"featured_media":160,"parent":1097,"menu_order":7,"comment_status":"closed","ping_status":"closed","template":"","meta":{"footnotes":""},"tags":[],"class_list":["post-1115","page","type-page","status-publish","has-post-thumbnail","hentry"],"aioseo_notices":[],"_links":{"self":[{"href":"https:\/\/www.villacella.it\/dimora-storica-milano\/wp-json\/wp\/v2\/pages\/1115","targetHints":{"allow":["GET"]}}],"collection":[{"href":"https:\/\/www.villacella.it\/dimora-storica-milano\/wp-json\/wp\/v2\/pages"}],"about":[{"href":"https:\/\/www.villacella.it\/dimora-storica-milano\/wp-json\/wp\/v2\/types\/page"}],"author":[{"embeddable":true,"href":"https:\/\/www.villacella.it\/dimora-storica-milano\/wp-json\/wp\/v2\/users\/1"}],"replies":[{"embeddable":true,"href":"https:\/\/www.villacella.it\/dimora-storica-milano\/wp-json\/wp\/v2\/comments?post=1115"}],"version-history":[{"count":5,"href":"https:\/\/www.villacella.it\/dimora-storica-milano\/wp-json\/wp\/v2\/pages\/1115\/revisions"}],"predecessor-version":[{"id":1290,"href":"https:\/\/www.villacella.it\/dimora-storica-milano\/wp-json\/wp\/v2\/pages\/1115\/revisions\/1290"}],"up":[{"embeddable":true,"href":"https:\/\/www.villacella.it\/dimora-storica-milano\/wp-json\/wp\/v2\/pages\/1097"}],"wp:featuredmedia":[{"embeddable":true,"href":"https:\/\/www.villacella.it\/dimora-storica-milano\/wp-json\/wp\/v2\/media\/160"}],"wp:attachment":[{"href":"https:\/\/www.villacella.it\/dimora-storica-milano\/wp-json\/wp\/v2\/media?parent=1115"}],"wp:term":[{"taxonomy":"post_tag","embeddable":true,"href":"https:\/\/www.villacella.it\/dimora-storica-milano\/wp-json\/wp\/v2\/tags?post=1115"}],"curies":[{"name":"wp","href":"https:\/\/api.w.org\/{rel}","templated":true}]}}