{"id":1109,"date":"2024-09-19T15:49:25","date_gmt":"2024-09-19T15:49:25","guid":{"rendered":"https:\/\/www.villacella.it\/dimora-storica-milano\/?page_id=1109"},"modified":"2025-05-14T14:30:38","modified_gmt":"2025-05-14T14:30:38","slug":"salvatore-luria","status":"publish","type":"page","link":"https:\/\/www.villacella.it\/dimora-storica-milano\/il-museo-dellaria\/personaggi-della-microbiologia-italiana\/salvatore-luria\/","title":{"rendered":"Salvatore Luria"},"content":{"rendered":"<p><span style=\"font-family: 'trebuchet ms', geneva, sans-serif; color: #000000;\"><a style=\"color: #000000;\" href=\"https:\/\/www.villacella.it\/dimora-storica-milano\/il-museo-dellaria\/personaggi-della-microbiologia-italiana\/\"><img loading=\"lazy\" decoding=\"async\" class=\"size-full wp-image-1133 aligncenter\" src=\"https:\/\/www.villacella.it\/dimora-storica-milano\/wp-content\/uploads\/2024\/09\/PERSONAGGI-DELLA-MICROBIOLOGIA-ITALIANA-02-scaled.jpg\" alt=\"\" width=\"2560\" height=\"215\" srcset=\"https:\/\/www.villacella.it\/dimora-storica-milano\/wp-content\/uploads\/2024\/09\/PERSONAGGI-DELLA-MICROBIOLOGIA-ITALIANA-02-scaled.jpg 2560w, https:\/\/www.villacella.it\/dimora-storica-milano\/wp-content\/uploads\/2024\/09\/PERSONAGGI-DELLA-MICROBIOLOGIA-ITALIANA-02-300x25.jpg 300w, https:\/\/www.villacella.it\/dimora-storica-milano\/wp-content\/uploads\/2024\/09\/PERSONAGGI-DELLA-MICROBIOLOGIA-ITALIANA-02-1024x86.jpg 1024w, https:\/\/www.villacella.it\/dimora-storica-milano\/wp-content\/uploads\/2024\/09\/PERSONAGGI-DELLA-MICROBIOLOGIA-ITALIANA-02-768x64.jpg 768w, https:\/\/www.villacella.it\/dimora-storica-milano\/wp-content\/uploads\/2024\/09\/PERSONAGGI-DELLA-MICROBIOLOGIA-ITALIANA-02-1536x129.jpg 1536w, https:\/\/www.villacella.it\/dimora-storica-milano\/wp-content\/uploads\/2024\/09\/PERSONAGGI-DELLA-MICROBIOLOGIA-ITALIANA-02-1920x161.jpg 1920w\" sizes=\"auto, (max-width: 2560px) 100vw, 2560px\" \/><\/a><\/span><\/p>\n<p><span style=\"font-family: 'trebuchet ms', geneva, sans-serif; color: #000000;\"><img loading=\"lazy\" decoding=\"async\" class=\"alignnone size-full wp-image-1158\" src=\"https:\/\/www.villacella.it\/dimora-storica-milano\/wp-content\/uploads\/2024\/09\/PERSONAGGI-DELLA-MICROBIOLOGIA-ITALIANA-06.jpg\" alt=\"\" width=\"2000\" height=\"1414\" srcset=\"https:\/\/www.villacella.it\/dimora-storica-milano\/wp-content\/uploads\/2024\/09\/PERSONAGGI-DELLA-MICROBIOLOGIA-ITALIANA-06.jpg 2000w, https:\/\/www.villacella.it\/dimora-storica-milano\/wp-content\/uploads\/2024\/09\/PERSONAGGI-DELLA-MICROBIOLOGIA-ITALIANA-06-300x212.jpg 300w, https:\/\/www.villacella.it\/dimora-storica-milano\/wp-content\/uploads\/2024\/09\/PERSONAGGI-DELLA-MICROBIOLOGIA-ITALIANA-06-1024x724.jpg 1024w, https:\/\/www.villacella.it\/dimora-storica-milano\/wp-content\/uploads\/2024\/09\/PERSONAGGI-DELLA-MICROBIOLOGIA-ITALIANA-06-768x543.jpg 768w, https:\/\/www.villacella.it\/dimora-storica-milano\/wp-content\/uploads\/2024\/09\/PERSONAGGI-DELLA-MICROBIOLOGIA-ITALIANA-06-1536x1086.jpg 1536w, https:\/\/www.villacella.it\/dimora-storica-milano\/wp-content\/uploads\/2024\/09\/PERSONAGGI-DELLA-MICROBIOLOGIA-ITALIANA-06-1920x1357.jpg 1920w\" sizes=\"auto, (max-width: 2000px) 100vw, 2000px\" \/><\/span><\/p>\n<h3><span style=\"text-decoration: underline; font-size: 24pt;\"><span style=\"font-family: 'trebuchet ms', geneva, sans-serif; color: #000000;\"><b>Salvatore Luria: lo scienziato che studi\u00f2 i virus e vinse il Nobel<\/b><\/span><\/span><\/h3>\n<p class=\"p3\"><span style=\"font-family: 'trebuchet ms', geneva, sans-serif; color: #000000; font-size: 14pt;\">Salvatore Luria \u00e8 stato un importante scienziato italiano, nato a Torino nel 1912. Studi\u00f2 medicina all\u2019Universit\u00e0 di Torino e si appassion\u00f2 presto alla ricerca scientifica, in particolare al mondo dei microrganismi e dei virus.<\/span><\/p>\n<p class=\"p3\"><span style=\"font-family: 'trebuchet ms', geneva, sans-serif; color: #000000; font-size: 14pt;\">Nel 1938, a causa delle leggi razziali introdotte dal regime fascista, fu costretto a lasciare l\u2019Italia perch\u00e9 di origine ebraica. Si trasfer\u00ec prima in Francia, poi negli Stati Uniti, dove pot\u00e9 continuare a lavorare come ricercatore.<\/span><\/p>\n<p class=\"p3\"><span style=\"font-family: 'trebuchet ms', geneva, sans-serif; color: #000000; font-size: 14pt;\">Negli Stati Uniti inizi\u00f2 a studiare i <span class=\"s2\"><b>batteriofagi<\/b><\/span>, virus che infettano i batteri. Insieme a Max Delbr\u00fcck, condusse nel 1943 un esperimento molto famoso, chiamato <span class=\"s2\"><b>\u201cesperimento di Luria-Delbr\u00fcck\u201d<\/b><\/span>. Questo esperimento dimostr\u00f2 che le mutazioni nei batteri avvengono <span class=\"s2\"><b>casualmente<\/b><\/span>, e non come reazione all\u2019ambiente. Fu una scoperta fondamentale che confermava le idee di Darwin sulla selezione naturale, applicate ai microrganismi.<\/span><\/p>\n<p class=\"p3\"><span style=\"font-family: 'trebuchet ms', geneva, sans-serif; color: #000000; font-size: 14pt;\">Grazie a questo e ad altri importanti studi, nel <span class=\"s2\"><b>1969 Luria ricevette il Premio Nobel per la Medicina<\/b><\/span>, insieme a Delbr\u00fcck e Alfred Hershey. Le loro ricerche gettarono le basi per la nascita della <span class=\"s2\"><b>biologia molecolare<\/b><\/span>, una delle discipline pi\u00f9 importanti della scienza moderna.<\/span><\/p>\n<p class=\"p3\"><span style=\"font-family: 'trebuchet ms', geneva, sans-serif; color: #000000; font-size: 14pt;\">Oltre alla sua attivit\u00e0 in laboratorio, Salvatore Luria fu anche un uomo molto impegnato dal punto di vista <span class=\"s2\"><b>etico e civile<\/b><\/span>. Si oppose alla guerra del Vietnam e difese sempre i diritti umani.<\/span><\/p>\n<p class=\"p3\"><span style=\"font-family: 'trebuchet ms', geneva, sans-serif; color: #000000; font-size: 14pt;\">Mor\u00ec nel 1991 negli Stati Uniti. Ancora oggi, il suo nome \u00e8 ricordato come quello di un pioniere della genetica e della microbiologia.<\/span><\/p>\n<p><span style=\"font-family: 'trebuchet ms', geneva, sans-serif; color: #000000;\"><img loading=\"lazy\" decoding=\"async\" class=\"alignnone size-full wp-image-404\" src=\"https:\/\/www.villacella.it\/dimora-storica-milano\/wp-content\/uploads\/2020\/06\/VIVA_ITALIA_2020_CAMPAGNA_03_01_01-scaled.jpg\" alt=\"\" width=\"2560\" height=\"619\" srcset=\"https:\/\/www.villacella.it\/dimora-storica-milano\/wp-content\/uploads\/2020\/06\/VIVA_ITALIA_2020_CAMPAGNA_03_01_01-scaled.jpg 2560w, https:\/\/www.villacella.it\/dimora-storica-milano\/wp-content\/uploads\/2020\/06\/VIVA_ITALIA_2020_CAMPAGNA_03_01_01-300x73.jpg 300w, https:\/\/www.villacella.it\/dimora-storica-milano\/wp-content\/uploads\/2020\/06\/VIVA_ITALIA_2020_CAMPAGNA_03_01_01-1024x248.jpg 1024w, https:\/\/www.villacella.it\/dimora-storica-milano\/wp-content\/uploads\/2020\/06\/VIVA_ITALIA_2020_CAMPAGNA_03_01_01-768x186.jpg 768w, https:\/\/www.villacella.it\/dimora-storica-milano\/wp-content\/uploads\/2020\/06\/VIVA_ITALIA_2020_CAMPAGNA_03_01_01-1536x372.jpg 1536w, https:\/\/www.villacella.it\/dimora-storica-milano\/wp-content\/uploads\/2020\/06\/VIVA_ITALIA_2020_CAMPAGNA_03_01_01-1920x464.jpg 1920w\" sizes=\"auto, (max-width: 2560px) 100vw, 2560px\" \/><\/span><\/p>\n","protected":false},"excerpt":{"rendered":"<p>Salvatore Luria: lo scienziato che studi\u00f2 i virus e vinse il Nobel Salvatore Luria \u00e8 stato un importante scienziato italiano, nato a Torino nel 1912. Studi\u00f2 medicina all\u2019Universit\u00e0 di Torino e si appassion\u00f2 presto alla ricerca scientifica, in particolare al mondo dei microrganismi e dei virus. Nel 1938, a causa delle leggi razziali introdotte dal [&hellip;]<\/p>\n","protected":false},"author":1,"featured_media":160,"parent":1097,"menu_order":4,"comment_status":"closed","ping_status":"closed","template":"","meta":{"footnotes":""},"tags":[],"class_list":["post-1109","page","type-page","status-publish","has-post-thumbnail","hentry"],"aioseo_notices":[],"_links":{"self":[{"href":"https:\/\/www.villacella.it\/dimora-storica-milano\/wp-json\/wp\/v2\/pages\/1109","targetHints":{"allow":["GET"]}}],"collection":[{"href":"https:\/\/www.villacella.it\/dimora-storica-milano\/wp-json\/wp\/v2\/pages"}],"about":[{"href":"https:\/\/www.villacella.it\/dimora-storica-milano\/wp-json\/wp\/v2\/types\/page"}],"author":[{"embeddable":true,"href":"https:\/\/www.villacella.it\/dimora-storica-milano\/wp-json\/wp\/v2\/users\/1"}],"replies":[{"embeddable":true,"href":"https:\/\/www.villacella.it\/dimora-storica-milano\/wp-json\/wp\/v2\/comments?post=1109"}],"version-history":[{"count":6,"href":"https:\/\/www.villacella.it\/dimora-storica-milano\/wp-json\/wp\/v2\/pages\/1109\/revisions"}],"predecessor-version":[{"id":1287,"href":"https:\/\/www.villacella.it\/dimora-storica-milano\/wp-json\/wp\/v2\/pages\/1109\/revisions\/1287"}],"up":[{"embeddable":true,"href":"https:\/\/www.villacella.it\/dimora-storica-milano\/wp-json\/wp\/v2\/pages\/1097"}],"wp:featuredmedia":[{"embeddable":true,"href":"https:\/\/www.villacella.it\/dimora-storica-milano\/wp-json\/wp\/v2\/media\/160"}],"wp:attachment":[{"href":"https:\/\/www.villacella.it\/dimora-storica-milano\/wp-json\/wp\/v2\/media?parent=1109"}],"wp:term":[{"taxonomy":"post_tag","embeddable":true,"href":"https:\/\/www.villacella.it\/dimora-storica-milano\/wp-json\/wp\/v2\/tags?post=1109"}],"curies":[{"name":"wp","href":"https:\/\/api.w.org\/{rel}","templated":true}]}}