{"id":1105,"date":"2024-09-19T15:47:36","date_gmt":"2024-09-19T15:47:36","guid":{"rendered":"https:\/\/www.villacella.it\/dimora-storica-milano\/?page_id=1105"},"modified":"2025-05-14T14:31:09","modified_gmt":"2025-05-14T14:31:09","slug":"giovanni-battista-grassi","status":"publish","type":"page","link":"https:\/\/www.villacella.it\/dimora-storica-milano\/il-museo-dellaria\/personaggi-della-microbiologia-italiana\/giovanni-battista-grassi\/","title":{"rendered":"Giovanni Battista Grassi"},"content":{"rendered":"<p><span style=\"font-family: 'trebuchet ms', geneva, sans-serif; color: #000000;\"><a style=\"color: #000000;\" href=\"https:\/\/www.villacella.it\/dimora-storica-milano\/il-museo-dellaria\/personaggi-della-microbiologia-italiana\/\"><img loading=\"lazy\" decoding=\"async\" class=\"size-full wp-image-1133 aligncenter\" src=\"https:\/\/www.villacella.it\/dimora-storica-milano\/wp-content\/uploads\/2024\/09\/PERSONAGGI-DELLA-MICROBIOLOGIA-ITALIANA-02-scaled.jpg\" alt=\"\" width=\"2560\" height=\"215\" srcset=\"https:\/\/www.villacella.it\/dimora-storica-milano\/wp-content\/uploads\/2024\/09\/PERSONAGGI-DELLA-MICROBIOLOGIA-ITALIANA-02-scaled.jpg 2560w, https:\/\/www.villacella.it\/dimora-storica-milano\/wp-content\/uploads\/2024\/09\/PERSONAGGI-DELLA-MICROBIOLOGIA-ITALIANA-02-300x25.jpg 300w, https:\/\/www.villacella.it\/dimora-storica-milano\/wp-content\/uploads\/2024\/09\/PERSONAGGI-DELLA-MICROBIOLOGIA-ITALIANA-02-1024x86.jpg 1024w, https:\/\/www.villacella.it\/dimora-storica-milano\/wp-content\/uploads\/2024\/09\/PERSONAGGI-DELLA-MICROBIOLOGIA-ITALIANA-02-768x64.jpg 768w, https:\/\/www.villacella.it\/dimora-storica-milano\/wp-content\/uploads\/2024\/09\/PERSONAGGI-DELLA-MICROBIOLOGIA-ITALIANA-02-1536x129.jpg 1536w, https:\/\/www.villacella.it\/dimora-storica-milano\/wp-content\/uploads\/2024\/09\/PERSONAGGI-DELLA-MICROBIOLOGIA-ITALIANA-02-1920x161.jpg 1920w\" sizes=\"auto, (max-width: 2560px) 100vw, 2560px\" \/><\/a><\/span><\/p>\n<p><span style=\"font-family: 'trebuchet ms', geneva, sans-serif; color: #000000;\"><img loading=\"lazy\" decoding=\"async\" class=\"alignnone size-full wp-image-1154\" src=\"https:\/\/www.villacella.it\/dimora-storica-milano\/wp-content\/uploads\/2024\/09\/PERSONAGGI-DELLA-MICROBIOLOGIA-ITALIANA-05.jpg\" alt=\"\" width=\"2000\" height=\"1414\" srcset=\"https:\/\/www.villacella.it\/dimora-storica-milano\/wp-content\/uploads\/2024\/09\/PERSONAGGI-DELLA-MICROBIOLOGIA-ITALIANA-05.jpg 2000w, https:\/\/www.villacella.it\/dimora-storica-milano\/wp-content\/uploads\/2024\/09\/PERSONAGGI-DELLA-MICROBIOLOGIA-ITALIANA-05-300x212.jpg 300w, https:\/\/www.villacella.it\/dimora-storica-milano\/wp-content\/uploads\/2024\/09\/PERSONAGGI-DELLA-MICROBIOLOGIA-ITALIANA-05-1024x724.jpg 1024w, https:\/\/www.villacella.it\/dimora-storica-milano\/wp-content\/uploads\/2024\/09\/PERSONAGGI-DELLA-MICROBIOLOGIA-ITALIANA-05-768x543.jpg 768w, https:\/\/www.villacella.it\/dimora-storica-milano\/wp-content\/uploads\/2024\/09\/PERSONAGGI-DELLA-MICROBIOLOGIA-ITALIANA-05-1536x1086.jpg 1536w, https:\/\/www.villacella.it\/dimora-storica-milano\/wp-content\/uploads\/2024\/09\/PERSONAGGI-DELLA-MICROBIOLOGIA-ITALIANA-05-1920x1357.jpg 1920w\" sizes=\"auto, (max-width: 2000px) 100vw, 2000px\" \/><\/span><\/p>\n<h3><span style=\"text-decoration: underline; color: #000000;\"><span style=\"font-family: 'trebuchet ms', geneva, sans-serif; font-size: 24pt;\"><b>Giovanni Battista Grassi: lo scienziato che svel\u00f2 il mistero della malaria<\/b><\/span><\/span><\/h3>\n<p class=\"p3\"><span style=\"font-family: 'trebuchet ms', geneva, sans-serif; color: #000000; font-size: 14pt;\">Giovanni Battista Grassi \u00e8 stato un medico e zoologo italiano, nato nel 1854 in Lombardia. Fin da giovane era appassionato di scienza e natura. Studi\u00f2 medicina all\u2019Universit\u00e0 di Pavia, dove fu allievo di grandi scienziati come Camillo Golgi.<\/span><\/p>\n<p class=\"p3\"><span style=\"font-family: 'trebuchet ms', geneva, sans-serif; color: #000000; font-size: 14pt;\">Dopo gli studi, Grassi si dedic\u00f2 con entusiasmo allo studio degli animali e dei parassiti. Ma fu la <span class=\"s2\"><b>malaria<\/b><\/span>, una malattia molto diffusa e pericolosa all\u2019epoca, a diventare il centro delle sue ricerche.<\/span><\/p>\n<p class=\"p3\"><span style=\"font-family: 'trebuchet ms', geneva, sans-serif; color: #000000; font-size: 14pt;\">Nel 1898, insieme ai colleghi Bignami e Bastianelli, riusc\u00ec a dimostrare qualcosa di rivoluzionario: <span class=\"s2\"><b>la malaria si trasmette all\u2019uomo attraverso la puntura di una zanzara, chiamata Anopheles<\/b><\/span>. Fino ad allora, nessuno ne era sicuro. La scoperta di Grassi fu fondamentale per capire come prevenire la malattia.<\/span><\/p>\n<p class=\"p3\"><span style=\"font-family: 'trebuchet ms', geneva, sans-serif; color: #000000; font-size: 14pt;\">Oltre alla malaria, Grassi studi\u00f2 altri <span class=\"s2\"><b>parassiti<\/b><\/span> che colpiscono uomini, animali e piante, e descrisse anche il ciclo di vita dell\u2019anguilla europea, un pesce misterioso su cui si sapeva poco.<\/span><\/p>\n<p class=\"p3\"><span style=\"font-family: 'trebuchet ms', geneva, sans-serif; color: #000000; font-size: 14pt;\">Nel 1902, per\u00f2, il Premio Nobel per la scoperta sul ciclo della malaria fu assegnato a un altro scienziato, Ronald Ross. Molti ritennero ingiusto che Grassi non fosse premiato, visto il suo ruolo decisivo nella scoperta.<\/span><\/p>\n<p class=\"p3\"><span style=\"font-family: 'trebuchet ms', geneva, sans-serif; color: #000000; font-size: 14pt;\">Grassi mor\u00ec nel 1925 a Roma. \u00c8 sepolto a Fiumicino, dove aveva creato un centro per studiare la malaria sul campo. Oggi \u00e8 ricordato come uno dei padri della <span class=\"s2\"><b>parassitologia<\/b><\/span> moderna e come un uomo che ha contribuito in modo concreto alla <span class=\"s2\"><b>salute pubblica<\/b><\/span>.<\/span><\/p>\n<p><span style=\"font-family: 'trebuchet ms', geneva, sans-serif; color: #000000;\"><img loading=\"lazy\" decoding=\"async\" class=\"alignnone size-full wp-image-404\" src=\"https:\/\/www.villacella.it\/dimora-storica-milano\/wp-content\/uploads\/2020\/06\/VIVA_ITALIA_2020_CAMPAGNA_03_01_01-scaled.jpg\" alt=\"\" width=\"2560\" height=\"619\" srcset=\"https:\/\/www.villacella.it\/dimora-storica-milano\/wp-content\/uploads\/2020\/06\/VIVA_ITALIA_2020_CAMPAGNA_03_01_01-scaled.jpg 2560w, https:\/\/www.villacella.it\/dimora-storica-milano\/wp-content\/uploads\/2020\/06\/VIVA_ITALIA_2020_CAMPAGNA_03_01_01-300x73.jpg 300w, https:\/\/www.villacella.it\/dimora-storica-milano\/wp-content\/uploads\/2020\/06\/VIVA_ITALIA_2020_CAMPAGNA_03_01_01-1024x248.jpg 1024w, https:\/\/www.villacella.it\/dimora-storica-milano\/wp-content\/uploads\/2020\/06\/VIVA_ITALIA_2020_CAMPAGNA_03_01_01-768x186.jpg 768w, https:\/\/www.villacella.it\/dimora-storica-milano\/wp-content\/uploads\/2020\/06\/VIVA_ITALIA_2020_CAMPAGNA_03_01_01-1536x372.jpg 1536w, https:\/\/www.villacella.it\/dimora-storica-milano\/wp-content\/uploads\/2020\/06\/VIVA_ITALIA_2020_CAMPAGNA_03_01_01-1920x464.jpg 1920w\" sizes=\"auto, (max-width: 2560px) 100vw, 2560px\" \/><\/span><\/p>\n","protected":false},"excerpt":{"rendered":"<p>Giovanni Battista Grassi: lo scienziato che svel\u00f2 il mistero della malaria Giovanni Battista Grassi \u00e8 stato un medico e zoologo italiano, nato nel 1854 in Lombardia. Fin da giovane era appassionato di scienza e natura. Studi\u00f2 medicina all\u2019Universit\u00e0 di Pavia, dove fu allievo di grandi scienziati come Camillo Golgi. Dopo gli studi, Grassi si dedic\u00f2 [&hellip;]<\/p>\n","protected":false},"author":1,"featured_media":160,"parent":1097,"menu_order":3,"comment_status":"closed","ping_status":"closed","template":"","meta":{"footnotes":""},"tags":[],"class_list":["post-1105","page","type-page","status-publish","has-post-thumbnail","hentry"],"aioseo_notices":[],"_links":{"self":[{"href":"https:\/\/www.villacella.it\/dimora-storica-milano\/wp-json\/wp\/v2\/pages\/1105","targetHints":{"allow":["GET"]}}],"collection":[{"href":"https:\/\/www.villacella.it\/dimora-storica-milano\/wp-json\/wp\/v2\/pages"}],"about":[{"href":"https:\/\/www.villacella.it\/dimora-storica-milano\/wp-json\/wp\/v2\/types\/page"}],"author":[{"embeddable":true,"href":"https:\/\/www.villacella.it\/dimora-storica-milano\/wp-json\/wp\/v2\/users\/1"}],"replies":[{"embeddable":true,"href":"https:\/\/www.villacella.it\/dimora-storica-milano\/wp-json\/wp\/v2\/comments?post=1105"}],"version-history":[{"count":6,"href":"https:\/\/www.villacella.it\/dimora-storica-milano\/wp-json\/wp\/v2\/pages\/1105\/revisions"}],"predecessor-version":[{"id":1286,"href":"https:\/\/www.villacella.it\/dimora-storica-milano\/wp-json\/wp\/v2\/pages\/1105\/revisions\/1286"}],"up":[{"embeddable":true,"href":"https:\/\/www.villacella.it\/dimora-storica-milano\/wp-json\/wp\/v2\/pages\/1097"}],"wp:featuredmedia":[{"embeddable":true,"href":"https:\/\/www.villacella.it\/dimora-storica-milano\/wp-json\/wp\/v2\/media\/160"}],"wp:attachment":[{"href":"https:\/\/www.villacella.it\/dimora-storica-milano\/wp-json\/wp\/v2\/media?parent=1105"}],"wp:term":[{"taxonomy":"post_tag","embeddable":true,"href":"https:\/\/www.villacella.it\/dimora-storica-milano\/wp-json\/wp\/v2\/tags?post=1105"}],"curies":[{"name":"wp","href":"https:\/\/api.w.org\/{rel}","templated":true}]}}