{"id":1101,"date":"2024-09-19T15:46:38","date_gmt":"2024-09-19T15:46:38","guid":{"rendered":"https:\/\/www.villacella.it\/dimora-storica-milano\/?page_id=1101"},"modified":"2025-05-14T14:32:10","modified_gmt":"2025-05-14T14:32:10","slug":"agostino-bassi","status":"publish","type":"page","link":"https:\/\/www.villacella.it\/dimora-storica-milano\/il-museo-dellaria\/personaggi-della-microbiologia-italiana\/agostino-bassi\/","title":{"rendered":"Agostino Bassi"},"content":{"rendered":"<p><a href=\"https:\/\/www.villacella.it\/dimora-storica-milano\/il-museo-dellaria\/personaggi-della-microbiologia-italiana\/\"><img loading=\"lazy\" decoding=\"async\" class=\"size-full wp-image-1133 aligncenter\" src=\"https:\/\/www.villacella.it\/dimora-storica-milano\/wp-content\/uploads\/2024\/09\/PERSONAGGI-DELLA-MICROBIOLOGIA-ITALIANA-02-scaled.jpg\" alt=\"\" width=\"2560\" height=\"215\" srcset=\"https:\/\/www.villacella.it\/dimora-storica-milano\/wp-content\/uploads\/2024\/09\/PERSONAGGI-DELLA-MICROBIOLOGIA-ITALIANA-02-scaled.jpg 2560w, https:\/\/www.villacella.it\/dimora-storica-milano\/wp-content\/uploads\/2024\/09\/PERSONAGGI-DELLA-MICROBIOLOGIA-ITALIANA-02-300x25.jpg 300w, https:\/\/www.villacella.it\/dimora-storica-milano\/wp-content\/uploads\/2024\/09\/PERSONAGGI-DELLA-MICROBIOLOGIA-ITALIANA-02-1024x86.jpg 1024w, https:\/\/www.villacella.it\/dimora-storica-milano\/wp-content\/uploads\/2024\/09\/PERSONAGGI-DELLA-MICROBIOLOGIA-ITALIANA-02-768x64.jpg 768w, https:\/\/www.villacella.it\/dimora-storica-milano\/wp-content\/uploads\/2024\/09\/PERSONAGGI-DELLA-MICROBIOLOGIA-ITALIANA-02-1536x129.jpg 1536w, https:\/\/www.villacella.it\/dimora-storica-milano\/wp-content\/uploads\/2024\/09\/PERSONAGGI-DELLA-MICROBIOLOGIA-ITALIANA-02-1920x161.jpg 1920w\" sizes=\"auto, (max-width: 2560px) 100vw, 2560px\" \/><\/a><\/p>\n<p><img loading=\"lazy\" decoding=\"async\" class=\"alignnone size-full wp-image-1152\" src=\"https:\/\/www.villacella.it\/dimora-storica-milano\/wp-content\/uploads\/2024\/09\/PERSONAGGI-DELLA-MICROBIOLOGIA-ITALIANA-03-01-scaled.jpg\" alt=\"\" width=\"2560\" height=\"1810\" srcset=\"https:\/\/www.villacella.it\/dimora-storica-milano\/wp-content\/uploads\/2024\/09\/PERSONAGGI-DELLA-MICROBIOLOGIA-ITALIANA-03-01-scaled.jpg 2560w, https:\/\/www.villacella.it\/dimora-storica-milano\/wp-content\/uploads\/2024\/09\/PERSONAGGI-DELLA-MICROBIOLOGIA-ITALIANA-03-01-300x212.jpg 300w, https:\/\/www.villacella.it\/dimora-storica-milano\/wp-content\/uploads\/2024\/09\/PERSONAGGI-DELLA-MICROBIOLOGIA-ITALIANA-03-01-1024x724.jpg 1024w, https:\/\/www.villacella.it\/dimora-storica-milano\/wp-content\/uploads\/2024\/09\/PERSONAGGI-DELLA-MICROBIOLOGIA-ITALIANA-03-01-768x543.jpg 768w, https:\/\/www.villacella.it\/dimora-storica-milano\/wp-content\/uploads\/2024\/09\/PERSONAGGI-DELLA-MICROBIOLOGIA-ITALIANA-03-01-1536x1086.jpg 1536w, https:\/\/www.villacella.it\/dimora-storica-milano\/wp-content\/uploads\/2024\/09\/PERSONAGGI-DELLA-MICROBIOLOGIA-ITALIANA-03-01-1920x1358.jpg 1920w\" sizes=\"auto, (max-width: 2560px) 100vw, 2560px\" \/><\/p>\n<h3><span style=\"text-decoration: underline;\"><span style=\"font-size: 24pt; font-family: 'trebuchet ms', geneva, sans-serif;\"><b>Agostino Bassi: lo scienziato che scopr\u00ec i microbi prima di tutti<\/b><\/span><\/span><\/h3>\n<p class=\"p3\"><span style=\"font-size: 14pt; font-family: 'trebuchet ms', geneva, sans-serif; color: #000000;\">Agostino Bassi \u00e8 stato uno scienziato italiano nato nel 1773, in un piccolo paese vicino a Lodi. Anche se inizialmente studi\u00f2 legge, la sua vera passione erano le scienze. Frequent\u00f2 l\u2019universit\u00e0 e segu\u00ec corsi di medicina, chimica e fisica, imparando da grandi maestri del suo tempo.<\/span><\/p>\n<p class=\"p3\"><span style=\"font-size: 14pt; font-family: 'trebuchet ms', geneva, sans-serif; color: #000000;\">La scoperta che lo rese famoso arriv\u00f2 dopo molti anni di studio. All\u2019inizio dell\u2019Ottocento, i bachi da seta \u2013 insetti fondamentali per produrre seta \u2013 si ammalavano e morivano per una misteriosa malattia chiamata <span class=\"s2\"><b>muscardina<\/b><\/span>. Bassi si mise a studiare il problema e, dopo oltre vent\u2019anni di ricerche, cap\u00ec che la causa era un <span class=\"s2\"><b>microrganismo<\/b><\/span>, cio\u00e8 un fungo minuscolo che si poteva trasmettere da un baco all\u2019altro.<\/span><\/p>\n<p class=\"p3\"><span style=\"font-size: 14pt; font-family: 'trebuchet ms', geneva, sans-serif; color: #000000;\">Questa scoperta fu rivoluzionaria. Era la <span class=\"s2\"><b>prima volta<\/b><\/span> che qualcuno dimostrava in modo chiaro che una malattia poteva essere causata da un essere vivente invisibile a occhio nudo.<\/span><\/p>\n<p class=\"p3\"><span style=\"font-size: 14pt; font-family: 'trebuchet ms', geneva, sans-serif; color: #000000;\">Bassi fece anche un passo avanti: immagin\u00f2 che molte malattie umane \u2013 come il colera, il vaiolo o la peste \u2013 potessero avere la stessa origine. Questa intuizione anticipava la <span class=\"s2\"><b>teoria dei germi<\/b><\/span>, che sarebbe diventata fondamentale in medicina grazie a scienziati come Pasteur.<\/span><\/p>\n<p class=\"p3\"><span style=\"font-size: 14pt; font-family: 'trebuchet ms', geneva, sans-serif; color: #000000;\">Agostino Bassi mor\u00ec nel 1856, ma il suo lavoro apr\u00ec la strada alla microbiologia moderna. Oggi \u00e8 ricordato come uno dei pionieri che ha cambiato per sempre il modo in cui pensiamo alle malattie.<\/span><\/p>\n<p><img loading=\"lazy\" decoding=\"async\" class=\"alignnone size-full wp-image-404\" src=\"https:\/\/www.villacella.it\/dimora-storica-milano\/wp-content\/uploads\/2020\/06\/VIVA_ITALIA_2020_CAMPAGNA_03_01_01-scaled.jpg\" alt=\"\" width=\"2560\" height=\"619\" srcset=\"https:\/\/www.villacella.it\/dimora-storica-milano\/wp-content\/uploads\/2020\/06\/VIVA_ITALIA_2020_CAMPAGNA_03_01_01-scaled.jpg 2560w, https:\/\/www.villacella.it\/dimora-storica-milano\/wp-content\/uploads\/2020\/06\/VIVA_ITALIA_2020_CAMPAGNA_03_01_01-300x73.jpg 300w, https:\/\/www.villacella.it\/dimora-storica-milano\/wp-content\/uploads\/2020\/06\/VIVA_ITALIA_2020_CAMPAGNA_03_01_01-1024x248.jpg 1024w, https:\/\/www.villacella.it\/dimora-storica-milano\/wp-content\/uploads\/2020\/06\/VIVA_ITALIA_2020_CAMPAGNA_03_01_01-768x186.jpg 768w, https:\/\/www.villacella.it\/dimora-storica-milano\/wp-content\/uploads\/2020\/06\/VIVA_ITALIA_2020_CAMPAGNA_03_01_01-1536x372.jpg 1536w, https:\/\/www.villacella.it\/dimora-storica-milano\/wp-content\/uploads\/2020\/06\/VIVA_ITALIA_2020_CAMPAGNA_03_01_01-1920x464.jpg 1920w\" sizes=\"auto, (max-width: 2560px) 100vw, 2560px\" \/><\/p>\n","protected":false},"excerpt":{"rendered":"<p>Agostino Bassi: lo scienziato che scopr\u00ec i microbi prima di tutti Agostino Bassi \u00e8 stato uno scienziato italiano nato nel 1773, in un piccolo paese vicino a Lodi. Anche se inizialmente studi\u00f2 legge, la sua vera passione erano le scienze. Frequent\u00f2 l\u2019universit\u00e0 e segu\u00ec corsi di medicina, chimica e fisica, imparando da grandi maestri del [&hellip;]<\/p>\n","protected":false},"author":1,"featured_media":160,"parent":1097,"menu_order":1,"comment_status":"closed","ping_status":"closed","template":"","meta":{"footnotes":""},"tags":[],"class_list":["post-1101","page","type-page","status-publish","has-post-thumbnail","hentry"],"aioseo_notices":[],"_links":{"self":[{"href":"https:\/\/www.villacella.it\/dimora-storica-milano\/wp-json\/wp\/v2\/pages\/1101","targetHints":{"allow":["GET"]}}],"collection":[{"href":"https:\/\/www.villacella.it\/dimora-storica-milano\/wp-json\/wp\/v2\/pages"}],"about":[{"href":"https:\/\/www.villacella.it\/dimora-storica-milano\/wp-json\/wp\/v2\/types\/page"}],"author":[{"embeddable":true,"href":"https:\/\/www.villacella.it\/dimora-storica-milano\/wp-json\/wp\/v2\/users\/1"}],"replies":[{"embeddable":true,"href":"https:\/\/www.villacella.it\/dimora-storica-milano\/wp-json\/wp\/v2\/comments?post=1101"}],"version-history":[{"count":8,"href":"https:\/\/www.villacella.it\/dimora-storica-milano\/wp-json\/wp\/v2\/pages\/1101\/revisions"}],"predecessor-version":[{"id":1284,"href":"https:\/\/www.villacella.it\/dimora-storica-milano\/wp-json\/wp\/v2\/pages\/1101\/revisions\/1284"}],"up":[{"embeddable":true,"href":"https:\/\/www.villacella.it\/dimora-storica-milano\/wp-json\/wp\/v2\/pages\/1097"}],"wp:featuredmedia":[{"embeddable":true,"href":"https:\/\/www.villacella.it\/dimora-storica-milano\/wp-json\/wp\/v2\/media\/160"}],"wp:attachment":[{"href":"https:\/\/www.villacella.it\/dimora-storica-milano\/wp-json\/wp\/v2\/media?parent=1101"}],"wp:term":[{"taxonomy":"post_tag","embeddable":true,"href":"https:\/\/www.villacella.it\/dimora-storica-milano\/wp-json\/wp\/v2\/tags?post=1101"}],"curies":[{"name":"wp","href":"https:\/\/api.w.org\/{rel}","templated":true}]}}