{"id":1027,"date":"2024-09-18T11:08:12","date_gmt":"2024-09-18T11:08:12","guid":{"rendered":"https:\/\/www.villacella.it\/dimora-storica-milano\/?page_id=1027"},"modified":"2025-05-15T11:53:24","modified_gmt":"2025-05-15T11:53:24","slug":"arturo-ferrarin","status":"publish","type":"page","link":"https:\/\/www.villacella.it\/dimora-storica-milano\/il-museo-dellaria\/personaggi-dellaviazione-italiana\/arturo-ferrarin\/","title":{"rendered":"Arturo Ferrarin"},"content":{"rendered":"<p><span style=\"font-family: 'trebuchet ms', geneva, sans-serif; color: #000000;\"><a style=\"color: #000000;\" href=\"https:\/\/www.villacella.it\/dimora-storica-milano\/il-museo-dellaria\/personaggi-dellaviazione-italiana\/\"><img loading=\"lazy\" decoding=\"async\" class=\"alignnone wp-image-1048 size-full\" src=\"https:\/\/www.villacella.it\/dimora-storica-milano\/wp-content\/uploads\/2024\/09\/PERSONAGGI-DELLAVIAZIONE-ITALIANA-02-scaled.jpg\" alt=\"\" width=\"2560\" height=\"215\" srcset=\"https:\/\/www.villacella.it\/dimora-storica-milano\/wp-content\/uploads\/2024\/09\/PERSONAGGI-DELLAVIAZIONE-ITALIANA-02-scaled.jpg 2560w, https:\/\/www.villacella.it\/dimora-storica-milano\/wp-content\/uploads\/2024\/09\/PERSONAGGI-DELLAVIAZIONE-ITALIANA-02-300x25.jpg 300w, https:\/\/www.villacella.it\/dimora-storica-milano\/wp-content\/uploads\/2024\/09\/PERSONAGGI-DELLAVIAZIONE-ITALIANA-02-1024x86.jpg 1024w, https:\/\/www.villacella.it\/dimora-storica-milano\/wp-content\/uploads\/2024\/09\/PERSONAGGI-DELLAVIAZIONE-ITALIANA-02-768x64.jpg 768w, https:\/\/www.villacella.it\/dimora-storica-milano\/wp-content\/uploads\/2024\/09\/PERSONAGGI-DELLAVIAZIONE-ITALIANA-02-1536x129.jpg 1536w, https:\/\/www.villacella.it\/dimora-storica-milano\/wp-content\/uploads\/2024\/09\/PERSONAGGI-DELLAVIAZIONE-ITALIANA-02-1920x161.jpg 1920w\" sizes=\"auto, (max-width: 2560px) 100vw, 2560px\" \/><\/a><\/span><\/p>\n<p><span style=\"font-family: 'trebuchet ms', geneva, sans-serif; color: #000000;\"><img loading=\"lazy\" decoding=\"async\" class=\"alignnone size-full wp-image-1072\" src=\"https:\/\/www.villacella.it\/dimora-storica-milano\/wp-content\/uploads\/2024\/09\/PERSONAGGI-DELLAVIAZIONE-ITALIANA-05-scaled.jpg\" alt=\"\" width=\"2560\" height=\"1810\" srcset=\"https:\/\/www.villacella.it\/dimora-storica-milano\/wp-content\/uploads\/2024\/09\/PERSONAGGI-DELLAVIAZIONE-ITALIANA-05-scaled.jpg 2560w, https:\/\/www.villacella.it\/dimora-storica-milano\/wp-content\/uploads\/2024\/09\/PERSONAGGI-DELLAVIAZIONE-ITALIANA-05-300x212.jpg 300w, https:\/\/www.villacella.it\/dimora-storica-milano\/wp-content\/uploads\/2024\/09\/PERSONAGGI-DELLAVIAZIONE-ITALIANA-05-1024x724.jpg 1024w, https:\/\/www.villacella.it\/dimora-storica-milano\/wp-content\/uploads\/2024\/09\/PERSONAGGI-DELLAVIAZIONE-ITALIANA-05-768x543.jpg 768w, https:\/\/www.villacella.it\/dimora-storica-milano\/wp-content\/uploads\/2024\/09\/PERSONAGGI-DELLAVIAZIONE-ITALIANA-05-1536x1086.jpg 1536w, https:\/\/www.villacella.it\/dimora-storica-milano\/wp-content\/uploads\/2024\/09\/PERSONAGGI-DELLAVIAZIONE-ITALIANA-05-1920x1358.jpg 1920w\" sizes=\"auto, (max-width: 2560px) 100vw, 2560px\" \/><\/span><\/p>\n<h3><span style=\"text-decoration: underline;\"><span style=\"font-family: 'trebuchet ms', geneva, sans-serif; color: #000000; font-size: 24pt;\"><b>Arturo Ferrarin \u2013 Il pilota che vol\u00f2 fino in Giappone<\/b><\/span><\/span><\/h3>\n<p class=\"p3\"><span style=\"font-family: 'trebuchet ms', geneva, sans-serif; color: #000000; font-size: 14pt;\">Arturo Ferrarin \u00e8 stato uno dei pi\u00f9 famosi piloti italiani del primo Novecento.<\/span><\/p>\n<p class=\"p3\"><span style=\"font-family: 'trebuchet ms', geneva, sans-serif; color: #000000; font-size: 14pt;\">Nacque a Thiene, in Veneto, nel 1895. Fin da ragazzo amava gli aerei e sognava di volare. Durante la <span class=\"s2\"><b>Prima Guerra Mondiale<\/b><\/span> divent\u00f2 pilota dell\u2019aeronautica militare.<\/span><\/p>\n<p class=\"p3\"><span style=\"font-family: 'trebuchet ms', geneva, sans-serif; color: #000000; font-size: 14pt;\">Dopo la guerra, Ferrarin divenne famoso in tutto il mondo per una grande impresa:<\/span><\/p>\n<p class=\"p3\"><span style=\"font-family: 'trebuchet ms', geneva, sans-serif; color: #000000; font-size: 14pt;\">nel <span class=\"s2\"><b>1920<\/b><\/span> vol\u00f2 da <span class=\"s2\"><b>Roma fino a Tokyo<\/b><\/span>, in <span class=\"s2\"><b>Giappone<\/b><\/span>, insieme al copilota Guido Masiero. Fu un viaggio lunghissimo e molto difficile: oltre <span class=\"s2\"><b>18.000 chilometri<\/b><\/span>, attraversando deserti, montagne e tempeste. All\u2019epoca gli aerei erano lenti e fragili, quindi fu una vera impresa eroica!<\/span><\/p>\n<p class=\"p3\"><span style=\"font-family: 'trebuchet ms', geneva, sans-serif; color: #000000; font-size: 14pt;\">Ferrarin continu\u00f2 per anni a partecipare a gare e dimostrazioni aeree, volando sempre con passione e coraggio. Era molto bravo, ma anche una persona riservata. In seguito ebbe dei contrasti con il governo fascista, che limit\u00f2 la sua carriera.<\/span><\/p>\n<p class=\"p3\"><span style=\"font-family: 'trebuchet ms', geneva, sans-serif; color: #000000; font-size: 14pt;\">Mor\u00ec nel <span class=\"s2\"><b>1941<\/b><\/span>, durante un volo di prova.<\/span><\/p>\n<p class=\"p3\"><span style=\"font-family: 'trebuchet ms', geneva, sans-serif; color: #000000; font-size: 14pt;\">Oggi Arturo Ferrarin \u00e8 ricordato come un <span class=\"s2\"><b>pioniere del volo<\/b><\/span>, un uomo che ha creduto nei suoi sogni e ha portato l\u2019Italia tra i grandi nomi dell\u2019aviazione mondiale.<\/span><\/p>\n<p><span style=\"font-family: 'trebuchet ms', geneva, sans-serif; color: #000000;\"><img loading=\"lazy\" decoding=\"async\" class=\"alignnone size-full wp-image-404\" src=\"https:\/\/www.villacella.it\/dimora-storica-milano\/wp-content\/uploads\/2020\/06\/VIVA_ITALIA_2020_CAMPAGNA_03_01_01-scaled.jpg\" alt=\"\" width=\"2560\" height=\"619\" srcset=\"https:\/\/www.villacella.it\/dimora-storica-milano\/wp-content\/uploads\/2020\/06\/VIVA_ITALIA_2020_CAMPAGNA_03_01_01-scaled.jpg 2560w, https:\/\/www.villacella.it\/dimora-storica-milano\/wp-content\/uploads\/2020\/06\/VIVA_ITALIA_2020_CAMPAGNA_03_01_01-300x73.jpg 300w, https:\/\/www.villacella.it\/dimora-storica-milano\/wp-content\/uploads\/2020\/06\/VIVA_ITALIA_2020_CAMPAGNA_03_01_01-1024x248.jpg 1024w, https:\/\/www.villacella.it\/dimora-storica-milano\/wp-content\/uploads\/2020\/06\/VIVA_ITALIA_2020_CAMPAGNA_03_01_01-768x186.jpg 768w, https:\/\/www.villacella.it\/dimora-storica-milano\/wp-content\/uploads\/2020\/06\/VIVA_ITALIA_2020_CAMPAGNA_03_01_01-1536x372.jpg 1536w, https:\/\/www.villacella.it\/dimora-storica-milano\/wp-content\/uploads\/2020\/06\/VIVA_ITALIA_2020_CAMPAGNA_03_01_01-1920x464.jpg 1920w\" sizes=\"auto, (max-width: 2560px) 100vw, 2560px\" \/><\/span><\/p>\n","protected":false},"excerpt":{"rendered":"<p>Arturo Ferrarin \u2013 Il pilota che vol\u00f2 fino in Giappone Arturo Ferrarin \u00e8 stato uno dei pi\u00f9 famosi piloti italiani del primo Novecento. Nacque a Thiene, in Veneto, nel 1895. Fin da ragazzo amava gli aerei e sognava di volare. Durante la Prima Guerra Mondiale divent\u00f2 pilota dell\u2019aeronautica militare. Dopo la guerra, Ferrarin divenne famoso [&hellip;]<\/p>\n","protected":false},"author":1,"featured_media":0,"parent":1019,"menu_order":3,"comment_status":"closed","ping_status":"closed","template":"","meta":{"footnotes":""},"tags":[],"class_list":["post-1027","page","type-page","status-publish","hentry"],"aioseo_notices":[],"_links":{"self":[{"href":"https:\/\/www.villacella.it\/dimora-storica-milano\/wp-json\/wp\/v2\/pages\/1027","targetHints":{"allow":["GET"]}}],"collection":[{"href":"https:\/\/www.villacella.it\/dimora-storica-milano\/wp-json\/wp\/v2\/pages"}],"about":[{"href":"https:\/\/www.villacella.it\/dimora-storica-milano\/wp-json\/wp\/v2\/types\/page"}],"author":[{"embeddable":true,"href":"https:\/\/www.villacella.it\/dimora-storica-milano\/wp-json\/wp\/v2\/users\/1"}],"replies":[{"embeddable":true,"href":"https:\/\/www.villacella.it\/dimora-storica-milano\/wp-json\/wp\/v2\/comments?post=1027"}],"version-history":[{"count":5,"href":"https:\/\/www.villacella.it\/dimora-storica-milano\/wp-json\/wp\/v2\/pages\/1027\/revisions"}],"predecessor-version":[{"id":1300,"href":"https:\/\/www.villacella.it\/dimora-storica-milano\/wp-json\/wp\/v2\/pages\/1027\/revisions\/1300"}],"up":[{"embeddable":true,"href":"https:\/\/www.villacella.it\/dimora-storica-milano\/wp-json\/wp\/v2\/pages\/1019"}],"wp:attachment":[{"href":"https:\/\/www.villacella.it\/dimora-storica-milano\/wp-json\/wp\/v2\/media?parent=1027"}],"wp:term":[{"taxonomy":"post_tag","embeddable":true,"href":"https:\/\/www.villacella.it\/dimora-storica-milano\/wp-json\/wp\/v2\/tags?post=1027"}],"curies":[{"name":"wp","href":"https:\/\/api.w.org\/{rel}","templated":true}]}}