{"id":1025,"date":"2024-09-18T11:07:48","date_gmt":"2024-09-18T11:07:48","guid":{"rendered":"https:\/\/www.villacella.it\/dimora-storica-milano\/?page_id=1025"},"modified":"2025-05-15T11:53:15","modified_gmt":"2025-05-15T11:53:15","slug":"italo-balbo","status":"publish","type":"page","link":"https:\/\/www.villacella.it\/dimora-storica-milano\/il-museo-dellaria\/personaggi-dellaviazione-italiana\/italo-balbo\/","title":{"rendered":"Italo Balbo"},"content":{"rendered":"<p><a href=\"https:\/\/www.villacella.it\/dimora-storica-milano\/il-museo-dellaria\/personaggi-dellaviazione-italiana\/\"><img loading=\"lazy\" decoding=\"async\" class=\"alignnone wp-image-1048 size-full\" src=\"https:\/\/www.villacella.it\/dimora-storica-milano\/wp-content\/uploads\/2024\/09\/PERSONAGGI-DELLAVIAZIONE-ITALIANA-02-scaled.jpg\" alt=\"\" width=\"2560\" height=\"215\" srcset=\"https:\/\/www.villacella.it\/dimora-storica-milano\/wp-content\/uploads\/2024\/09\/PERSONAGGI-DELLAVIAZIONE-ITALIANA-02-scaled.jpg 2560w, https:\/\/www.villacella.it\/dimora-storica-milano\/wp-content\/uploads\/2024\/09\/PERSONAGGI-DELLAVIAZIONE-ITALIANA-02-300x25.jpg 300w, https:\/\/www.villacella.it\/dimora-storica-milano\/wp-content\/uploads\/2024\/09\/PERSONAGGI-DELLAVIAZIONE-ITALIANA-02-1024x86.jpg 1024w, https:\/\/www.villacella.it\/dimora-storica-milano\/wp-content\/uploads\/2024\/09\/PERSONAGGI-DELLAVIAZIONE-ITALIANA-02-768x64.jpg 768w, https:\/\/www.villacella.it\/dimora-storica-milano\/wp-content\/uploads\/2024\/09\/PERSONAGGI-DELLAVIAZIONE-ITALIANA-02-1536x129.jpg 1536w, https:\/\/www.villacella.it\/dimora-storica-milano\/wp-content\/uploads\/2024\/09\/PERSONAGGI-DELLAVIAZIONE-ITALIANA-02-1920x161.jpg 1920w\" sizes=\"auto, (max-width: 2560px) 100vw, 2560px\" \/><\/a><\/p>\n<p><img loading=\"lazy\" decoding=\"async\" class=\"alignnone size-full wp-image-1059\" src=\"https:\/\/www.villacella.it\/dimora-storica-milano\/wp-content\/uploads\/2024\/09\/PERSONAGGI-DELLAVIAZIONE-ITALIANA-04-scaled.jpg\" alt=\"\" width=\"2560\" height=\"1810\" srcset=\"https:\/\/www.villacella.it\/dimora-storica-milano\/wp-content\/uploads\/2024\/09\/PERSONAGGI-DELLAVIAZIONE-ITALIANA-04-scaled.jpg 2560w, https:\/\/www.villacella.it\/dimora-storica-milano\/wp-content\/uploads\/2024\/09\/PERSONAGGI-DELLAVIAZIONE-ITALIANA-04-300x212.jpg 300w, https:\/\/www.villacella.it\/dimora-storica-milano\/wp-content\/uploads\/2024\/09\/PERSONAGGI-DELLAVIAZIONE-ITALIANA-04-1024x724.jpg 1024w, https:\/\/www.villacella.it\/dimora-storica-milano\/wp-content\/uploads\/2024\/09\/PERSONAGGI-DELLAVIAZIONE-ITALIANA-04-768x543.jpg 768w, https:\/\/www.villacella.it\/dimora-storica-milano\/wp-content\/uploads\/2024\/09\/PERSONAGGI-DELLAVIAZIONE-ITALIANA-04-1536x1086.jpg 1536w, https:\/\/www.villacella.it\/dimora-storica-milano\/wp-content\/uploads\/2024\/09\/PERSONAGGI-DELLAVIAZIONE-ITALIANA-04-1920x1357.jpg 1920w\" sizes=\"auto, (max-width: 2560px) 100vw, 2560px\" \/><\/p>\n<h3><span style=\"text-decoration: underline;\"><span style=\"color: #000000; font-family: 'trebuchet ms', geneva, sans-serif; font-size: 24pt;\"><b>Italo Balbo \u2013 L\u2019uomo che fece volare l\u2019Italia<\/b><\/span><\/span><\/h3>\n<p class=\"p3\"><span style=\"color: #000000; font-family: 'trebuchet ms', geneva, sans-serif; font-size: 14pt;\">Italo Balbo \u00e8 stato uno dei personaggi pi\u00f9 importanti dell\u2019aviazione italiana nel periodo tra le due guerre mondiali.<\/span><\/p>\n<p class=\"p3\"><span style=\"color: #000000; font-family: 'trebuchet ms', geneva, sans-serif; font-size: 14pt;\">Nacque nel 1896 a Quartesana, vicino Ferrara, e da giovane partecip\u00f2 alla Prima Guerra Mondiale. Dopo la guerra, si avvicin\u00f2 al mondo del volo, che in quel periodo stava diventando sempre pi\u00f9 importante.<\/span><\/p>\n<p class=\"p3\"><span style=\"color: #000000; font-family: 'trebuchet ms', geneva, sans-serif; font-size: 14pt;\">Balbo divenne famoso in tutto il mondo per aver organizzato <span class=\"s2\"><b>grandi voli di gruppo<\/b><\/span>, chiamati <span class=\"s2\"><b>crociere aeree<\/b><\/span>. Queste imprese vedevano decine di aerei italiani attraversare mari e oceani, dimostrando quanto fosse moderna e organizzata l\u2019aviazione italiana.<\/span><\/p>\n<p class=\"p3\"><span style=\"color: #000000; font-family: 'trebuchet ms', geneva, sans-serif; font-size: 14pt;\">Una delle sue imprese pi\u00f9 famose fu nel 1933, quando guid\u00f2 <span class=\"s2\"><b>24 idrovolanti<\/b><\/span> da Orbetello (in Toscana) fino agli Stati Uniti, volando su Chicago e New York. Fu accolto come un eroe e il suo volo fu una grande impresa per l\u2019epoca.<\/span><\/p>\n<p class=\"p3\"><span style=\"color: #000000; font-family: 'trebuchet ms', geneva, sans-serif; font-size: 14pt;\">Mor\u00ec nel 1940, durante la Seconda Guerra Mondiale, abbattuto per errore da aerei italiani mentre sorvolava la Libia.<\/span><\/p>\n<p class=\"p3\"><span style=\"color: #000000; font-family: 'trebuchet ms', geneva, sans-serif; font-size: 14pt;\">Oggi Italo Balbo \u00e8 ricordato soprattutto per il suo coraggio, per le sue spedizioni aeree spettacolari e per aver portato il nome dell\u2019Italia nei cieli di tutto il mondo.<\/span><\/p>\n<p><img loading=\"lazy\" decoding=\"async\" class=\"alignnone size-full wp-image-404\" src=\"https:\/\/www.villacella.it\/dimora-storica-milano\/wp-content\/uploads\/2020\/06\/VIVA_ITALIA_2020_CAMPAGNA_03_01_01-scaled.jpg\" alt=\"\" width=\"2560\" height=\"619\" srcset=\"https:\/\/www.villacella.it\/dimora-storica-milano\/wp-content\/uploads\/2020\/06\/VIVA_ITALIA_2020_CAMPAGNA_03_01_01-scaled.jpg 2560w, https:\/\/www.villacella.it\/dimora-storica-milano\/wp-content\/uploads\/2020\/06\/VIVA_ITALIA_2020_CAMPAGNA_03_01_01-300x73.jpg 300w, https:\/\/www.villacella.it\/dimora-storica-milano\/wp-content\/uploads\/2020\/06\/VIVA_ITALIA_2020_CAMPAGNA_03_01_01-1024x248.jpg 1024w, https:\/\/www.villacella.it\/dimora-storica-milano\/wp-content\/uploads\/2020\/06\/VIVA_ITALIA_2020_CAMPAGNA_03_01_01-768x186.jpg 768w, https:\/\/www.villacella.it\/dimora-storica-milano\/wp-content\/uploads\/2020\/06\/VIVA_ITALIA_2020_CAMPAGNA_03_01_01-1536x372.jpg 1536w, https:\/\/www.villacella.it\/dimora-storica-milano\/wp-content\/uploads\/2020\/06\/VIVA_ITALIA_2020_CAMPAGNA_03_01_01-1920x464.jpg 1920w\" sizes=\"auto, (max-width: 2560px) 100vw, 2560px\" \/><\/p>\n","protected":false},"excerpt":{"rendered":"<p>Italo Balbo \u2013 L\u2019uomo che fece volare l\u2019Italia Italo Balbo \u00e8 stato uno dei personaggi pi\u00f9 importanti dell\u2019aviazione italiana nel periodo tra le due guerre mondiali. Nacque nel 1896 a Quartesana, vicino Ferrara, e da giovane partecip\u00f2 alla Prima Guerra Mondiale. Dopo la guerra, si avvicin\u00f2 al mondo del volo, che in quel periodo stava [&hellip;]<\/p>\n","protected":false},"author":1,"featured_media":0,"parent":1019,"menu_order":2,"comment_status":"closed","ping_status":"closed","template":"","meta":{"footnotes":""},"tags":[],"class_list":["post-1025","page","type-page","status-publish","hentry"],"aioseo_notices":[],"_links":{"self":[{"href":"https:\/\/www.villacella.it\/dimora-storica-milano\/wp-json\/wp\/v2\/pages\/1025","targetHints":{"allow":["GET"]}}],"collection":[{"href":"https:\/\/www.villacella.it\/dimora-storica-milano\/wp-json\/wp\/v2\/pages"}],"about":[{"href":"https:\/\/www.villacella.it\/dimora-storica-milano\/wp-json\/wp\/v2\/types\/page"}],"author":[{"embeddable":true,"href":"https:\/\/www.villacella.it\/dimora-storica-milano\/wp-json\/wp\/v2\/users\/1"}],"replies":[{"embeddable":true,"href":"https:\/\/www.villacella.it\/dimora-storica-milano\/wp-json\/wp\/v2\/comments?post=1025"}],"version-history":[{"count":6,"href":"https:\/\/www.villacella.it\/dimora-storica-milano\/wp-json\/wp\/v2\/pages\/1025\/revisions"}],"predecessor-version":[{"id":1299,"href":"https:\/\/www.villacella.it\/dimora-storica-milano\/wp-json\/wp\/v2\/pages\/1025\/revisions\/1299"}],"up":[{"embeddable":true,"href":"https:\/\/www.villacella.it\/dimora-storica-milano\/wp-json\/wp\/v2\/pages\/1019"}],"wp:attachment":[{"href":"https:\/\/www.villacella.it\/dimora-storica-milano\/wp-json\/wp\/v2\/media?parent=1025"}],"wp:term":[{"taxonomy":"post_tag","embeddable":true,"href":"https:\/\/www.villacella.it\/dimora-storica-milano\/wp-json\/wp\/v2\/tags?post=1025"}],"curies":[{"name":"wp","href":"https:\/\/api.w.org\/{rel}","templated":true}]}}