{"id":1023,"date":"2024-09-18T11:06:42","date_gmt":"2024-09-18T11:06:42","guid":{"rendered":"https:\/\/www.villacella.it\/dimora-storica-milano\/?page_id=1023"},"modified":"2025-05-15T11:50:49","modified_gmt":"2025-05-15T11:50:49","slug":"francesco-baracca","status":"publish","type":"page","link":"https:\/\/www.villacella.it\/dimora-storica-milano\/il-museo-dellaria\/personaggi-dellaviazione-italiana\/francesco-baracca\/","title":{"rendered":"Francesco Baracca"},"content":{"rendered":"<p><span style=\"color: #000000;\"><a style=\"color: #000000;\" href=\"https:\/\/www.villacella.it\/dimora-storica-milano\/il-museo-dellaria\/personaggi-dellaviazione-italiana\/\"><img loading=\"lazy\" decoding=\"async\" class=\"alignnone wp-image-1048 size-full\" src=\"https:\/\/www.villacella.it\/dimora-storica-milano\/wp-content\/uploads\/2024\/09\/PERSONAGGI-DELLAVIAZIONE-ITALIANA-02-scaled.jpg\" alt=\"\" width=\"2560\" height=\"215\" srcset=\"https:\/\/www.villacella.it\/dimora-storica-milano\/wp-content\/uploads\/2024\/09\/PERSONAGGI-DELLAVIAZIONE-ITALIANA-02-scaled.jpg 2560w, https:\/\/www.villacella.it\/dimora-storica-milano\/wp-content\/uploads\/2024\/09\/PERSONAGGI-DELLAVIAZIONE-ITALIANA-02-300x25.jpg 300w, https:\/\/www.villacella.it\/dimora-storica-milano\/wp-content\/uploads\/2024\/09\/PERSONAGGI-DELLAVIAZIONE-ITALIANA-02-1024x86.jpg 1024w, https:\/\/www.villacella.it\/dimora-storica-milano\/wp-content\/uploads\/2024\/09\/PERSONAGGI-DELLAVIAZIONE-ITALIANA-02-768x64.jpg 768w, https:\/\/www.villacella.it\/dimora-storica-milano\/wp-content\/uploads\/2024\/09\/PERSONAGGI-DELLAVIAZIONE-ITALIANA-02-1536x129.jpg 1536w, https:\/\/www.villacella.it\/dimora-storica-milano\/wp-content\/uploads\/2024\/09\/PERSONAGGI-DELLAVIAZIONE-ITALIANA-02-1920x161.jpg 1920w\" sizes=\"auto, (max-width: 2560px) 100vw, 2560px\" \/><\/a><\/span><\/p>\n<p><span style=\"color: #000000;\"><img loading=\"lazy\" decoding=\"async\" class=\"alignnone size-full wp-image-1051\" src=\"https:\/\/www.villacella.it\/dimora-storica-milano\/wp-content\/uploads\/2024\/09\/PERSONAGGI-DELLAVIAZIONE-ITALIANA-03-scaled.jpg\" alt=\"\" width=\"2560\" height=\"1810\" srcset=\"https:\/\/www.villacella.it\/dimora-storica-milano\/wp-content\/uploads\/2024\/09\/PERSONAGGI-DELLAVIAZIONE-ITALIANA-03-scaled.jpg 2560w, https:\/\/www.villacella.it\/dimora-storica-milano\/wp-content\/uploads\/2024\/09\/PERSONAGGI-DELLAVIAZIONE-ITALIANA-03-300x212.jpg 300w, https:\/\/www.villacella.it\/dimora-storica-milano\/wp-content\/uploads\/2024\/09\/PERSONAGGI-DELLAVIAZIONE-ITALIANA-03-1024x724.jpg 1024w, https:\/\/www.villacella.it\/dimora-storica-milano\/wp-content\/uploads\/2024\/09\/PERSONAGGI-DELLAVIAZIONE-ITALIANA-03-768x543.jpg 768w, https:\/\/www.villacella.it\/dimora-storica-milano\/wp-content\/uploads\/2024\/09\/PERSONAGGI-DELLAVIAZIONE-ITALIANA-03-1536x1086.jpg 1536w, https:\/\/www.villacella.it\/dimora-storica-milano\/wp-content\/uploads\/2024\/09\/PERSONAGGI-DELLAVIAZIONE-ITALIANA-03-1920x1357.jpg 1920w\" sizes=\"auto, (max-width: 2560px) 100vw, 2560px\" \/><\/span><\/p>\n<h3><span style=\"text-decoration: underline; font-size: 24pt;\"><span style=\"font-family: 'trebuchet ms', geneva, sans-serif; color: #000000;\"><b>Francesco Baracca \u2013 L\u2019eroe con il cavallino rampante<\/b><\/span><\/span><\/h3>\n<p class=\"p3\"><span style=\"font-family: 'trebuchet ms', geneva, sans-serif; color: #000000; font-size: 14pt;\">Francesco Baracca \u00e8 stato uno dei pi\u00f9 grandi piloti italiani della Prima Guerra Mondiale. Nato a Lugo, in Emilia-Romagna, nel 1888, proveniva da una famiglia nobile e inizi\u00f2 la sua carriera militare come ufficiale di cavalleria. Ma presto si appassion\u00f2 agli aerei, che all\u2019epoca erano ancora una novit\u00e0, e decise di diventare pilota.<\/span><\/p>\n<p class=\"p3\"><span style=\"font-family: 'trebuchet ms', geneva, sans-serif; color: #000000; font-size: 14pt;\">Durante la guerra, Baracca si fece subito notare per il suo coraggio e la sua abilit\u00e0 nel volo. Divenne il pi\u00f9 famoso \u201casso\u201d dell\u2019aviazione italiana, cio\u00e8 uno dei piloti che abbatterono pi\u00f9 aerei nemici: <span class=\"s2\"><b>ben 34 vittorie riconosciute<\/b><\/span>.<\/span><\/p>\n<p class=\"p3\"><span style=\"font-family: 'trebuchet ms', geneva, sans-serif; color: #000000; font-size: 14pt;\">Sul suo aereo portava dipinto un <span class=\"s2\"><b>cavallino rampante nero<\/b><\/span>, il suo simbolo personale. Questo emblema \u00e8 diventato ancora pi\u00f9 famoso dopo la guerra, quando la madre di Baracca lo don\u00f2 a Enzo Ferrari. Ferrari lo adott\u00f2 come simbolo della sua scuderia automobilistica, che ancora oggi porta quel celebre cavallino.<\/span><\/p>\n<p class=\"p3\"><span style=\"font-family: 'trebuchet ms', geneva, sans-serif; color: #000000; font-size: 14pt;\">Francesco Baracca mor\u00ec in battaglia nel 1918, poco prima della fine della guerra. Aveva solo 30 anni. Ancora oggi \u00e8 ricordato come un eroe e un pioniere dell\u2019aviazione, un uomo che ha saputo unire il coraggio con la passione per il volo.<\/span><\/p>\n<p><span style=\"color: #000000;\"><img loading=\"lazy\" decoding=\"async\" class=\"alignnone size-full wp-image-404\" src=\"https:\/\/www.villacella.it\/dimora-storica-milano\/wp-content\/uploads\/2020\/06\/VIVA_ITALIA_2020_CAMPAGNA_03_01_01-scaled.jpg\" alt=\"\" width=\"2560\" height=\"619\" srcset=\"https:\/\/www.villacella.it\/dimora-storica-milano\/wp-content\/uploads\/2020\/06\/VIVA_ITALIA_2020_CAMPAGNA_03_01_01-scaled.jpg 2560w, https:\/\/www.villacella.it\/dimora-storica-milano\/wp-content\/uploads\/2020\/06\/VIVA_ITALIA_2020_CAMPAGNA_03_01_01-300x73.jpg 300w, https:\/\/www.villacella.it\/dimora-storica-milano\/wp-content\/uploads\/2020\/06\/VIVA_ITALIA_2020_CAMPAGNA_03_01_01-1024x248.jpg 1024w, https:\/\/www.villacella.it\/dimora-storica-milano\/wp-content\/uploads\/2020\/06\/VIVA_ITALIA_2020_CAMPAGNA_03_01_01-768x186.jpg 768w, https:\/\/www.villacella.it\/dimora-storica-milano\/wp-content\/uploads\/2020\/06\/VIVA_ITALIA_2020_CAMPAGNA_03_01_01-1536x372.jpg 1536w, https:\/\/www.villacella.it\/dimora-storica-milano\/wp-content\/uploads\/2020\/06\/VIVA_ITALIA_2020_CAMPAGNA_03_01_01-1920x464.jpg 1920w\" sizes=\"auto, (max-width: 2560px) 100vw, 2560px\" \/><\/span><\/p>\n","protected":false},"excerpt":{"rendered":"<p>Francesco Baracca \u2013 L\u2019eroe con il cavallino rampante Francesco Baracca \u00e8 stato uno dei pi\u00f9 grandi piloti italiani della Prima Guerra Mondiale. Nato a Lugo, in Emilia-Romagna, nel 1888, proveniva da una famiglia nobile e inizi\u00f2 la sua carriera militare come ufficiale di cavalleria. Ma presto si appassion\u00f2 agli aerei, che all\u2019epoca erano ancora una [&hellip;]<\/p>\n","protected":false},"author":1,"featured_media":0,"parent":1019,"menu_order":1,"comment_status":"closed","ping_status":"closed","template":"","meta":{"footnotes":""},"tags":[],"class_list":["post-1023","page","type-page","status-publish","hentry"],"aioseo_notices":[],"_links":{"self":[{"href":"https:\/\/www.villacella.it\/dimora-storica-milano\/wp-json\/wp\/v2\/pages\/1023","targetHints":{"allow":["GET"]}}],"collection":[{"href":"https:\/\/www.villacella.it\/dimora-storica-milano\/wp-json\/wp\/v2\/pages"}],"about":[{"href":"https:\/\/www.villacella.it\/dimora-storica-milano\/wp-json\/wp\/v2\/types\/page"}],"author":[{"embeddable":true,"href":"https:\/\/www.villacella.it\/dimora-storica-milano\/wp-json\/wp\/v2\/users\/1"}],"replies":[{"embeddable":true,"href":"https:\/\/www.villacella.it\/dimora-storica-milano\/wp-json\/wp\/v2\/comments?post=1023"}],"version-history":[{"count":7,"href":"https:\/\/www.villacella.it\/dimora-storica-milano\/wp-json\/wp\/v2\/pages\/1023\/revisions"}],"predecessor-version":[{"id":1297,"href":"https:\/\/www.villacella.it\/dimora-storica-milano\/wp-json\/wp\/v2\/pages\/1023\/revisions\/1297"}],"up":[{"embeddable":true,"href":"https:\/\/www.villacella.it\/dimora-storica-milano\/wp-json\/wp\/v2\/pages\/1019"}],"wp:attachment":[{"href":"https:\/\/www.villacella.it\/dimora-storica-milano\/wp-json\/wp\/v2\/media?parent=1023"}],"wp:term":[{"taxonomy":"post_tag","embeddable":true,"href":"https:\/\/www.villacella.it\/dimora-storica-milano\/wp-json\/wp\/v2\/tags?post=1023"}],"curies":[{"name":"wp","href":"https:\/\/api.w.org\/{rel}","templated":true}]}}